{"id":206218,"date":"2017-11-22T15:26:46","date_gmt":"2017-11-22T15:26:46","guid":{"rendered":"http:\/\/stage.lorenzopalomo.com\/?page_id=206218"},"modified":"2017-11-22T16:04:47","modified_gmt":"2017-11-22T16:04:47","slug":"home-es","status":"publish","type":"page","link":"http:\/\/lorenzopalomo.com\/es\/","title":{"rendered":"Home &#8211; ES"},"content":{"rendered":"<p>[et_pb_section bb_built=\u00bb1&#8243; background_color=\u00bb#fbf1e3&#8243; fullwidth=\u00bbon\u00bb _builder_version=\u00bb3.0.85&#8243;][et_pb_fullwidth_header title=\u00bbLorenzo Palomo\u00bb background_layout=\u00bbdark\u00bb header_fullscreen=\u00bbon\u00bb scroll_down_icon_color=\u00bb#ffffff\u00bb scroll_down_icon_size=\u00bb72px\u00bb button_one_url=\u00bb#biography\u00bb background_overlay_color=\u00bbrgba(0,0,0,0.3)\u00bb title_font_color=\u00bb#fbf1e3&#8243; content_font_color=\u00bb#fbf1e3&#8243; disabled_on=\u00bboff|off|off\u00bb module_id=\u00bbheader\u00bb module_class=\u00bbet-waypoint fadein-animated josefinKenBurnsHeader\u00bb _builder_version=\u00bb3.0.87&#8243; title_font_size=\u00bb72px\u00bb title_font_size_tablet=\u00bb55px\u00bb title_font_size_phone=\u00bb40px\u00bb title_font_size_last_edited=\u00bbon|tablet\u00bb title_text_color=\u00bb#fbf1e3&#8243; content_font=\u00bb||on||||||\u00bb content_font_size=\u00bb20px\u00bb content_text_color=\u00bb#fbf1e3&#8243; subhead_font=\u00bb||on||||||\u00bb subhead_font_size=\u00bb24px\u00bb subhead_font_size_tablet=\u00bb18px\u00bb subhead_font_size_phone=\u00bb10px\u00bb subhead_font_size_last_edited=\u00bbon|phone\u00bb background_image=\u00bbhttp:\/\/stage.lorenzopalomo.com\/wp-content\/uploads\/2016\/05\/LorenzoP.jpg\u00bb parallax=\u00bbon\u00bb custom_button_two=\u00bbon\u00bb button_two_text_color=\u00bb#fbf1e3&#8243; button_two_bg_color=\u00bb#000000&#8243; button_two_border_color=\u00bb#000000&#8243; button_two_use_icon=\u00bboff\u00bb button_two_text_color_hover=\u00bb#000000&#8243; button_two_bg_color_hover=\u00bb#ffffff\u00bb button_two_border_color_hover=\u00bb#ffffff\u00bb custom_button_one=\u00bbon\u00bb button_one_text_color=\u00bb#fbf1e3&#8243; button_one_bg_color=\u00bbrgba(0,0,0,0)\u00bb button_one_border_color=\u00bb#fbf1e3&#8243; button_one_use_icon=\u00bboff\u00bb button_one_text_color_hover=\u00bb#edb059&#8243; button_one_bg_color_hover=\u00bbrgba(255,255,255,0)\u00bb button_one_border_color_hover=\u00bbrgba(255,255,255,0)\u00bb custom_css_button_1=\u00bbpadding: 10px 25px 5px 30px !important;\u00bb custom_css_button_2=\u00bbpadding: 10px 25px 5px 30px !important;\u00bb background_url=\u00bbhttp:\/\/stage.lorenzopalomo.com\/wp-content\/uploads\/2015\/11\/cityReverse.jpg\u00bb text_orientation=\u00bbleft\u00bb header_scroll_down=\u00bboff\u00bb image_orientation=\u00bbcenter\u00bb content_orientation=\u00bbcenter\u00bb subhead_text_color=\u00bb#fbf1e3&#8243; button_two_icon_placement=\u00bbright\u00bb button_one_icon_placement=\u00bbright\u00bb subhead_letter_spacing=\u00bb3px\u00bb subhead_line_height=\u00bb2em\u00bb title_letter_spacing=\u00bb1px\u00bb]<\/p>\n<p>&nbsp;<\/p>\n<p>Uno de los compositores espa\u00f1oles contempor\u00e1neos de mayor proyecci\u00f3n internacional.<\/p>\n<p>&nbsp;<\/p>\n<p>[\/et_pb_fullwidth_header][et_pb_fullwidth_image admin_label=\u00bbBACKGROUND MENU FADE\u00bb src=\u00bbhttp:\/\/josefin.madebysuperfly.com\/wp-content\/uploads\/sites\/2\/2016\/02\/glow.png\u00bb disabled_on=\u00bbon|on|off\u00bb module_id=\u00bbfade\u00bb _builder_version=\u00bb3.0.47&#8243; custom_css_main_element=\u00bbposition: absolute;||top: 0;||z-index: 99;||width: 100%;||opacity: 0.3;\u00bb animation=\u00bboff\u00bb locked=\u00bbon\u00bb \/][\/et_pb_section]<\/p>\n","protected":false},"excerpt":{"rendered":"<p>[et_pb_section bb_built=\u00bb1&#8243; background_color=\u00bb#fbf1e3&#8243; fullwidth=\u00bbon\u00bb _builder_version=\u00bb3.0.85&#8243;][et_pb_fullwidth_header title=\u00bbLorenzo Palomo\u00bb background_layout=\u00bbdark\u00bb header_fullscreen=\u00bbon\u00bb scroll_down_icon_color=\u00bb#ffffff\u00bb scroll_down_icon_size=\u00bb72px\u00bb button_one_url=\u00bb#biography\u00bb background_overlay_color=\u00bbrgba(0,0,0,0.3)\u00bb title_font_color=\u00bb#fbf1e3&#8243; content_font_color=\u00bb#fbf1e3&#8243; disabled_on=\u00bboff|off|off\u00bb module_id=\u00bbheader\u00bb module_class=\u00bbet-waypoint fadein-animated josefinKenBurnsHeader\u00bb _builder_version=\u00bb3.0.87&#8243; title_font_size=\u00bb72px\u00bb title_font_size_tablet=\u00bb55px\u00bb title_font_size_phone=\u00bb40px\u00bb title_font_size_last_edited=\u00bbon|tablet\u00bb title_text_color=\u00bb#fbf1e3&#8243; content_font=\u00bb||on||||||\u00bb content_font_size=\u00bb20px\u00bb content_text_color=\u00bb#fbf1e3&#8243; subhead_font=\u00bb||on||||||\u00bb subhead_font_size=\u00bb24px\u00bb subhead_font_size_tablet=\u00bb18px\u00bb subhead_font_size_phone=\u00bb10px\u00bb subhead_font_size_last_edited=\u00bbon|phone\u00bb background_image=\u00bbhttp:\/\/stage.lorenzopalomo.com\/wp-content\/uploads\/2016\/05\/LorenzoP.jpg\u00bb parallax=\u00bbon\u00bb custom_button_two=\u00bbon\u00bb button_two_text_color=\u00bb#fbf1e3&#8243; button_two_bg_color=\u00bb#000000&#8243; button_two_border_color=\u00bb#000000&#8243; button_two_use_icon=\u00bboff\u00bb button_two_text_color_hover=\u00bb#000000&#8243; button_two_bg_color_hover=\u00bb#ffffff\u00bb button_two_border_color_hover=\u00bb#ffffff\u00bb custom_button_one=\u00bbon\u00bb button_one_text_color=\u00bb#fbf1e3&#8243; button_one_bg_color=\u00bbrgba(0,0,0,0)\u00bb button_one_border_color=\u00bb#fbf1e3&#8243; button_one_use_icon=\u00bboff\u00bb button_one_text_color_hover=\u00bb#edb059&#8243; button_one_bg_color_hover=\u00bbrgba(255,255,255,0)\u00bb button_one_border_color_hover=\u00bbrgba(255,255,255,0)\u00bb custom_css_button_1=\u00bbpadding: 10px 25px [&hellip;]<\/p>\n","protected":false},"author":1,"featured_media":204476,"parent":0,"menu_order":0,"comment_status":"closed","ping_status":"closed","template":"","meta":{"_et_pb_use_builder":"on","_et_pb_old_content":""},"_links":{"self":[{"href":"http:\/\/lorenzopalomo.com\/es\/wp-json\/wp\/v2\/pages\/206218"}],"collection":[{"href":"http:\/\/lorenzopalomo.com\/es\/wp-json\/wp\/v2\/pages"}],"about":[{"href":"http:\/\/lorenzopalomo.com\/es\/wp-json\/wp\/v2\/types\/page"}],"author":[{"embeddable":true,"href":"http:\/\/lorenzopalomo.com\/es\/wp-json\/wp\/v2\/users\/1"}],"replies":[{"embeddable":true,"href":"http:\/\/lorenzopalomo.com\/es\/wp-json\/wp\/v2\/comments?post=206218"}],"version-history":[{"count":1,"href":"http:\/\/lorenzopalomo.com\/es\/wp-json\/wp\/v2\/pages\/206218\/revisions"}],"predecessor-version":[{"id":206219,"href":"http:\/\/lorenzopalomo.com\/es\/wp-json\/wp\/v2\/pages\/206218\/revisions\/206219"}],"wp:featuredmedia":[{"embeddable":true,"href":"http:\/\/lorenzopalomo.com\/es\/wp-json\/wp\/v2\/media\/204476"}],"wp:attachment":[{"href":"http:\/\/lorenzopalomo.com\/es\/wp-json\/wp\/v2\/media?parent=206218"}],"curies":[{"name":"wp","href":"https:\/\/api.w.org\/{rel}","templated":true}]}}