{"id":206213,"date":"2017-10-19T10:26:00","date_gmt":"2017-10-19T10:26:00","guid":{"rendered":"http:\/\/stage.lorenzopalomo.com\/disclaimer\/"},"modified":"2019-03-10T10:18:32","modified_gmt":"2019-03-10T10:18:32","slug":"aviso-legal","status":"publish","type":"page","link":"http:\/\/lorenzopalomo.com\/es\/aviso-legal\/","title":{"rendered":"Aviso Legal"},"content":{"rendered":"<p>[et_pb_section fb_built=\u00bb1&#8243; fullwidth=\u00bbon\u00bb custom_padding_last_edited=\u00bbon|desktop\u00bb _builder_version=\u00bb3.0.85&#8243; background_color=\u00bb#fbf1e3&#8243; custom_padding_tablet=\u00bb50px|0|50px|0&#8243; transparent_background=\u00bboff\u00bb][et_pb_fullwidth_slider show_arrows=\u00bboff\u00bb show_pagination=\u00bboff\u00bb _builder_version=\u00bb3.20.1&#8243; use_background_color_gradient=\u00bbon\u00bb background_color_gradient_start=\u00bbrgba(0,0,0,0.04)\u00bb background_color_gradient_end=\u00bbrgba(41,196,169,0)\u00bb background_color_gradient_direction=\u00bb181deg\u00bb background_image=\u00bbhttp:\/\/lorenzopalomo.com\/wp-content\/uploads\/2019\/03\/lorenzo_palomo_compositions.png\u00bb box_shadow_style=\u00bbpreset6&#8243; box_shadow_blur=\u00bb10px\u00bb box_shadow_color=\u00bbrgba(0,0,0,0.1)\u00bb show_inner_shadow=\u00bbon\u00bb button_text_size__hover_enabled=\u00bboff\u00bb button_one_text_size__hover_enabled=\u00bboff\u00bb button_two_text_size__hover_enabled=\u00bboff\u00bb button_text_color__hover_enabled=\u00bboff\u00bb button_one_text_color__hover_enabled=\u00bboff\u00bb button_two_text_color__hover_enabled=\u00bboff\u00bb button_border_width__hover_enabled=\u00bboff\u00bb button_one_border_width__hover_enabled=\u00bboff\u00bb button_two_border_width__hover_enabled=\u00bboff\u00bb button_border_color__hover_enabled=\u00bboff\u00bb button_one_border_color__hover_enabled=\u00bboff\u00bb button_two_border_color__hover_enabled=\u00bboff\u00bb button_border_radius__hover_enabled=\u00bboff\u00bb button_one_border_radius__hover_enabled=\u00bboff\u00bb button_two_border_radius__hover_enabled=\u00bboff\u00bb button_letter_spacing__hover_enabled=\u00bboff\u00bb button_one_letter_spacing__hover_enabled=\u00bboff\u00bb button_two_letter_spacing__hover_enabled=\u00bboff\u00bb button_bg_color__hover_enabled=\u00bboff\u00bb button_one_bg_color__hover_enabled=\u00bboff\u00bb button_two_bg_color__hover_enabled=\u00bboff\u00bb][et_pb_slide heading=\u00bbAVISO LEGAL\u00bb use_bg_overlay=\u00bboff\u00bb use_text_overlay=\u00bboff\u00bb _builder_version=\u00bb3.16&#8243; header_level=\u00bbh1&#8243; header_font=\u00bb||||\u00bb header_text_color=\u00bb#fbf1e3&#8243; body_font=\u00bb||||\u00bb background_color=\u00bb#ffffff\u00bb background_image=\u00bbhttp:\/\/stage.lorenzopalomo.com\/wp-content\/uploads\/2016\/06\/Foto-Background-lorenzopalomo.gif\u00bb background_position=\u00bbtop_center\u00bb background_blend=\u00bboverlay\u00bb button_text_size__hover_enabled=\u00bboff\u00bb button_one_text_size__hover_enabled=\u00bboff\u00bb button_two_text_size__hover_enabled=\u00bboff\u00bb button_text_color__hover_enabled=\u00bboff\u00bb button_one_text_color__hover_enabled=\u00bboff\u00bb button_two_text_color__hover_enabled=\u00bboff\u00bb button_border_width__hover_enabled=\u00bboff\u00bb button_one_border_width__hover_enabled=\u00bboff\u00bb button_two_border_width__hover_enabled=\u00bboff\u00bb button_border_color__hover_enabled=\u00bboff\u00bb button_one_border_color__hover_enabled=\u00bboff\u00bb button_two_border_color__hover_enabled=\u00bboff\u00bb button_border_radius__hover_enabled=\u00bboff\u00bb button_one_border_radius__hover_enabled=\u00bboff\u00bb button_two_border_radius__hover_enabled=\u00bboff\u00bb button_letter_spacing__hover_enabled=\u00bboff\u00bb button_one_letter_spacing__hover_enabled=\u00bboff\u00bb button_two_letter_spacing__hover_enabled=\u00bboff\u00bb button_bg_color__hover_enabled=\u00bboff\u00bb button_one_bg_color__hover_enabled=\u00bboff\u00bb button_two_bg_color__hover_enabled=\u00bboff\u00bb][\/et_pb_slide][\/et_pb_fullwidth_slider][\/et_pb_section][et_pb_section fb_built=\u00bb1&#8243; _builder_version=\u00bb3.0.85&#8243; background_color=\u00bb#fbf1e3&#8243;][et_pb_row padding_right_1=\u00bb30px\u00bb padding_left_1=\u00bb30px\u00bb _builder_version=\u00bb3.0.82&#8243; background_size=\u00bbinitial\u00bb background_position=\u00bbtop_left\u00bb background_repeat=\u00bbrepeat\u00bb module_alignment=\u00bbcenter\u00bb][et_pb_column type=\u00bb4_4&#8243; _builder_version=\u00bb3.0.47&#8243;][et_pb_divider show_divider=\u00bboff\u00bb height=\u00bb40px\u00bb _builder_version=\u00bb3.2&#8243;][\/et_pb_divider][et_pb_divider show_divider=\u00bboff\u00bb height=\u00bb40px\u00bb _builder_version=\u00bb3.2&#8243;][\/et_pb_divider][et_pb_divider show_divider=\u00bboff\u00bb height=\u00bb40px\u00bb _builder_version=\u00bb3.2&#8243;][\/et_pb_divider][et_pb_text _builder_version=\u00bb3.0.89&#8243; text_font_size=\u00bb16&#8243; header_text_align=\u00bbcenter\u00bb text_orientation=\u00bbjustified\u00bb module_alignment=\u00bbcenter\u00bb]<\/p>\n<div id=\"gt-src-c\" class=\"g-unit\"><\/div>\n<div id=\"gt-res-c\" class=\"g-unit\">\n<div id=\"gt-res-p\">\n<div id=\"gt-res-data\">\n<div id=\"gt-res-wrap\">\n<div id=\"gt-res-content\">\n<h6 class=\"trans-verified-button-small\" dir=\"ltr\"><span class=\"\" lang=\"es\"><span title=\"The contents of this website may be downloaded, printed or copied only for personal and non-commercial use. \">El contenido de este sitio web puede descargarse, imprimirse o copiarse solo para uso personal y no comercial.<\/span><\/span><\/h6>\n<p class=\"trans-verified-button-small\" dir=\"ltr\"><span class=\"\" lang=\"es\"><span title=\"The information contained on lorenzopalomo.com\u00a0is for general information purposes only.\">La informaci\u00f3n contenida en lorenzopalomo.com es solo para fines de informaci\u00f3n general.\u00a0<\/span><span title=\"This website has been created as an information service and for personal use.\">Este sitio web ha sido creado como un servicio de informaci\u00f3n y para uso personal.\u00a0<\/span><span title=\"The contents of this website (texts, soundtracks, and illustrations) are subject to the respective Copyright of the owners. \">Los contenidos de este sitio web (textos, bandas sonoras e ilustraciones) est\u00e1n sujetos a los derechos de autor respectivos de los propietarios.<\/span><\/span><\/p>\n<p class=\"trans-verified-button-small\" dir=\"ltr\"><span class=\"\" lang=\"es\"><span title=\"Lorenzo Palomo assumes no responsibility for errors or omissions in the contents on the Service. \">Lorenzo Palomo no asume ninguna responsabilidad por errores u omisiones en los contenidos del Servicio.<\/span><\/span><\/p>\n<p class=\"trans-verified-button-small\" dir=\"ltr\"><span class=\"\" lang=\"es\"><span title=\"In no event shall Lorenzo Palomo be liable for any special, direct, indirect, consequential, or incidental damages or any damages whatsoever, whether in an action of contract, negligence or other tort, arising out of or in connection with the use of the Service\">En ning\u00fan caso Lorenzo Palomo ser\u00e1 responsable de ning\u00fan da\u00f1o especial, directo, indirecto, consecuente o incidental ni de ning\u00fan tipo de da\u00f1o, ya sea por una acci\u00f3n contractual, por negligencia u otro agravio, que surja de o en relaci\u00f3n con el uso del Servicio.\u00a0<\/span><span title=\"or the contents of the Service.\">o el contenido del Servicio.\u00a0<\/span><span title=\"Lorenzo Palomo reserves the right to make additions, deletions, or modification to the contents on this website at any time without prior notice. \">Lorenzo Palomo se reserva el derecho de realizar adiciones, eliminaciones o modificaciones a los contenidos de este sitio web en cualquier momento y sin previo aviso.<\/span><\/span><\/p>\n<p id=\"gt-res-dir-ctr\" class=\"trans-verified-button-small\" dir=\"ltr\"><span id=\"result_box\" class=\"\" lang=\"es\"><span title=\"Lorenzo Palomo does not warrant that the website is free of viruses or other harmful components.\">Lorenzo Palomo no garantiza que el sitio web est\u00e9 libre de virus u otros componentes da\u00f1inos.<\/span><\/span><\/p>\n<\/div>\n<\/div>\n<\/div>\n<\/div>\n<\/div>\n<p>[\/et_pb_text][et_pb_divider show_divider=\u00bboff\u00bb height=\u00bb40px\u00bb _builder_version=\u00bb3.2&#8243;][\/et_pb_divider][et_pb_text _builder_version=\u00bb3.0.89&#8243; text_font_size=\u00bb16&#8243; header_text_align=\u00bbcenter\u00bb border_style_all=\u00bbsolid\u00bb text_orientation=\u00bbjustified\u00bb module_alignment=\u00bbcenter\u00bb border_style=\u00bbsolid\u00bb]<\/p>\n<h6>enlaces externos<\/h6>\n<p>lorenzopalomo.com puede contener enlaces a sitios web externos que no son proporcionados o mantenidos por o de ninguna manera afiliados a Lorenzo Palomo.<\/p>\n<p>Tenga en cuenta que Lorenzo Palomo no garantiza la precisi\u00f3n, relevancia, puntualidad o integridad de la informaci\u00f3n en estos sitios web externos.<br \/>\n[\/et_pb_text][et_pb_divider show_divider=\u00bboff\u00bb height=\u00bb40px\u00bb _builder_version=\u00bb3.2&#8243;][\/et_pb_divider][et_pb_text _builder_version=\u00bb3.0.87&#8243; text_font_size=\u00bb16&#8243; header_text_align=\u00bbcenter\u00bb border_style_all=\u00bbsolid\u00bb text_orientation=\u00bbjustified\u00bb module_alignment=\u00bbcenter\u00bb border_style=\u00bbsolid\u00bb]<\/p>\n<h6><span style=\"color: #333333;\">Google Analytics<\/span><\/h6>\n<p>Este sitio web utiliza Google Analytics, un servicio de an\u00e1lisis web proporcionado por Google, Inc. (\u00abGoogle\u00bb). Google Analytics utiliza \u00abcookies\u00bb, que son archivos de texto colocados en su computadora para ayudar al sitio web a analizar c\u00f3mo los visitantes usan el sitio. La informaci\u00f3n generada por la cookie sobre su uso del sitio web (incluida su direcci\u00f3n IP) ser\u00e1 transmitida y almacenada por Google en servidores en los Estados Unidos. Google utilizar\u00e1 esta informaci\u00f3n con el prop\u00f3sito de evaluar su uso del sitio web, compilar informes sobre la actividad del sitio web para los operadores del sitio web y proporcionar otros servicios relacionados con la actividad del sitio web y el uso de Internet. Google tambi\u00e9n puede transferir esta informaci\u00f3n a terceros cuando sea requerido por ley, o cuando dichos terceros procesen la informaci\u00f3n en nombre de Google. Google no asociar\u00e1 su direcci\u00f3n IP con ning\u00fan otro dato en poder de Google. Puede rechazar el uso de cookies seleccionando la configuraci\u00f3n adecuada en su navegador, sin embargo, tenga en cuenta que si lo hace, es posible que no pueda utilizar todas las funciones de este sitio web. Al utilizar este sitio web, usted acepta el procesamiento de sus datos por parte de Google de la manera y para los fines establecidos anteriormente.<\/p>\n<p>Puede evitar que Google recopile y utilice datos (cookies y direcciones IP) descargando e instalando el complemento del navegador disponible en https:\/\/tools.google.com\/dlpage\/gaoptout?hl=en.<\/p>\n<p>Tenga en cuenta que este sitio web inicializa Google Analytics con la configuraci\u00f3n<br \/>\n[\/et_pb_text][et_pb_divider show_divider=\u00bboff\u00bb height=\u00bb40px\u00bb _builder_version=\u00bb3.2&#8243;][\/et_pb_divider][et_pb_text _builder_version=\u00bb3.0.87&#8243; text_font_size=\u00bb16&#8243; header_text_align=\u00bbcenter\u00bb border_style_all=\u00bbsolid\u00bb text_orientation=\u00bbjustified\u00bb module_alignment=\u00bbcenter\u00bb border_style=\u00bbsolid\u00bb]<\/p>\n<h6>Cookies<\/h6>\n<p>Al utilizar el Servicio, usted acepta el uso de cookies, sus opciones con respecto a las cookies y m\u00e1s informaci\u00f3n sobre las cookies. <a href=\"https:\/\/termsfeed.com\/cookies-policy\/\">Pol\u00edtica de Cookies creada por TermsFeed<\/a> para Lorenzo Palomo.<\/p>\n<p>Que son las cookies<\/p>\n<p>Las cookies son peque\u00f1os fragmentos de texto enviados por su navegador web por un sitio web que visita. Se almacena un archivo de cookies en su navegador web y permite que el Servicio o un tercero lo reconozca y facilite su pr\u00f3xima visita y le sirva el Servicio.<\/p>\n<p>Las cookies pueden ser \u00abpersistentes\u00bb o \u00abde sesi\u00f3n\u00bb. Las cookies persistentes permanecen en su computadora personal o dispositivo m\u00f3vil cuando se desconecta, mientras que las cookies de sesi\u00f3n se eliminan tan pronto como cierre su navegador web.<br \/>\n[\/et_pb_text][et_pb_divider show_divider=\u00bboff\u00bb height=\u00bb40px\u00bb _builder_version=\u00bb3.2&#8243;][\/et_pb_divider][et_pb_divider show_divider=\u00bboff\u00bb height=\u00bb40px\u00bb _builder_version=\u00bb3.2&#8243;][\/et_pb_divider][et_pb_divider show_divider=\u00bboff\u00bb height=\u00bb40px\u00bb _builder_version=\u00bb3.2&#8243;][\/et_pb_divider][\/et_pb_column][\/et_pb_row][\/et_pb_section]<\/p>\n","protected":false},"excerpt":{"rendered":"<p>[et_pb_section fb_built=\u00bb1&#8243; fullwidth=\u00bbon\u00bb custom_padding_last_edited=\u00bbon|desktop\u00bb _builder_version=\u00bb3.0.85&#8243; background_color=\u00bb#fbf1e3&#8243; custom_padding_tablet=\u00bb50px|0|50px|0&#8243; transparent_background=\u00bboff\u00bb][et_pb_fullwidth_slider show_arrows=\u00bboff\u00bb show_pagination=\u00bboff\u00bb _builder_version=\u00bb3.20.1&#8243; use_background_color_gradient=\u00bbon\u00bb background_color_gradient_start=\u00bbrgba(0,0,0,0.04)\u00bb background_color_gradient_end=\u00bbrgba(41,196,169,0)\u00bb background_color_gradient_direction=\u00bb181deg\u00bb background_image=\u00bbhttp:\/\/lorenzopalomo.com\/wp-content\/uploads\/2019\/03\/lorenzo_palomo_compositions.png\u00bb box_shadow_style=\u00bbpreset6&#8243; box_shadow_blur=\u00bb10px\u00bb box_shadow_color=\u00bbrgba(0,0,0,0.1)\u00bb show_inner_shadow=\u00bbon\u00bb button_text_size__hover_enabled=\u00bboff\u00bb button_one_text_size__hover_enabled=\u00bboff\u00bb button_two_text_size__hover_enabled=\u00bboff\u00bb button_text_color__hover_enabled=\u00bboff\u00bb button_one_text_color__hover_enabled=\u00bboff\u00bb button_two_text_color__hover_enabled=\u00bboff\u00bb button_border_width__hover_enabled=\u00bboff\u00bb button_one_border_width__hover_enabled=\u00bboff\u00bb button_two_border_width__hover_enabled=\u00bboff\u00bb button_border_color__hover_enabled=\u00bboff\u00bb button_one_border_color__hover_enabled=\u00bboff\u00bb button_two_border_color__hover_enabled=\u00bboff\u00bb button_border_radius__hover_enabled=\u00bboff\u00bb button_one_border_radius__hover_enabled=\u00bboff\u00bb button_two_border_radius__hover_enabled=\u00bboff\u00bb button_letter_spacing__hover_enabled=\u00bboff\u00bb button_one_letter_spacing__hover_enabled=\u00bboff\u00bb button_two_letter_spacing__hover_enabled=\u00bboff\u00bb button_bg_color__hover_enabled=\u00bboff\u00bb button_one_bg_color__hover_enabled=\u00bboff\u00bb button_two_bg_color__hover_enabled=\u00bboff\u00bb][et_pb_slide heading=\u00bbAVISO LEGAL\u00bb use_bg_overlay=\u00bboff\u00bb use_text_overlay=\u00bboff\u00bb _builder_version=\u00bb3.16&#8243; header_level=\u00bbh1&#8243; header_font=\u00bb||||\u00bb header_text_color=\u00bb#fbf1e3&#8243; body_font=\u00bb||||\u00bb background_color=\u00bb#ffffff\u00bb background_image=\u00bbhttp:\/\/stage.lorenzopalomo.com\/wp-content\/uploads\/2016\/06\/Foto-Background-lorenzopalomo.gif\u00bb background_position=\u00bbtop_center\u00bb background_blend=\u00bboverlay\u00bb button_text_size__hover_enabled=\u00bboff\u00bb [&hellip;]<\/p>\n","protected":false},"author":1,"featured_media":0,"parent":0,"menu_order":0,"comment_status":"closed","ping_status":"closed","template":"","meta":{"_et_pb_use_builder":"on","_et_pb_old_content":""},"_links":{"self":[{"href":"http:\/\/lorenzopalomo.com\/es\/wp-json\/wp\/v2\/pages\/206213"}],"collection":[{"href":"http:\/\/lorenzopalomo.com\/es\/wp-json\/wp\/v2\/pages"}],"about":[{"href":"http:\/\/lorenzopalomo.com\/es\/wp-json\/wp\/v2\/types\/page"}],"author":[{"embeddable":true,"href":"http:\/\/lorenzopalomo.com\/es\/wp-json\/wp\/v2\/users\/1"}],"replies":[{"embeddable":true,"href":"http:\/\/lorenzopalomo.com\/es\/wp-json\/wp\/v2\/comments?post=206213"}],"version-history":[{"count":6,"href":"http:\/\/lorenzopalomo.com\/es\/wp-json\/wp\/v2\/pages\/206213\/revisions"}],"predecessor-version":[{"id":208517,"href":"http:\/\/lorenzopalomo.com\/es\/wp-json\/wp\/v2\/pages\/206213\/revisions\/208517"}],"wp:attachment":[{"href":"http:\/\/lorenzopalomo.com\/es\/wp-json\/wp\/v2\/media?parent=206213"}],"curies":[{"name":"wp","href":"https:\/\/api.w.org\/{rel}","templated":true}]}}