{"id":204652,"date":"2017-11-01T19:58:59","date_gmt":"2017-11-01T19:58:59","guid":{"rendered":"http:\/\/stage.lorenzopalomo.com\/criticas\/"},"modified":"2019-03-10T10:08:35","modified_gmt":"2019-03-10T10:08:35","slug":"lo-que-otros-dicen","status":"publish","type":"page","link":"http:\/\/lorenzopalomo.com\/es\/lo-que-otros-dicen\/","title":{"rendered":"LO QUE OTROS DICEN"},"content":{"rendered":"<p>[et_pb_section fb_built=\u00bb1&#8243; fullwidth=\u00bbon\u00bb module_id=\u00bbcritics\u00bb module_class=\u00bbet-waypoint fadein-animated josefinKenBurnsHeader\u00bb _builder_version=\u00bb3.0.89&#8243; background_color=\u00bbrgba(0,0,0,0.3)\u00bb background_image=\u00bbhttp:\/\/stage.lorenzopalomo.com\/wp-content\/uploads\/2015\/11\/Lorenzo-Palomo.png\u00bb parallax=\u00bbon\u00bb parallax_method=\u00bboff\u00bb custom_padding=\u00bb0px||0px|\u00bb transparent_background=\u00bboff\u00bb padding_mobile=\u00bbon\u00bb][et_pb_fullwidth_slider show_pagination=\u00bboff\u00bb show_image_video_mobile=\u00bbon\u00bb admin_label=\u00bbLo Que Otros Dicen\u00bb module_id=\u00bbreviews\u00bb _builder_version=\u00bb3.20.1&#8243; header_text_color=\u00bb#fbf1e3&#8243; header_font_size=\u00bb48&#8243; header_font_size_phone=\u00bb18&#8243; header_font_size_last_edited=\u00bbon|phone\u00bb header_line_height=\u00bb1.2em\u00bb body_text_color=\u00bb#fbf1e3&#8243; custom_padding=\u00bb|||\u00bb auto=\u00bbon\u00bb remove_inner_shadow=\u00bbon\u00bb hide_content_on_mobile=\u00bboff\u00bb hide_cta_on_mobile=\u00bboff\u00bb show_inner_shadow=\u00bboff\u00bb button_text_size__hover_enabled=\u00bboff\u00bb button_one_text_size__hover_enabled=\u00bboff\u00bb button_two_text_size__hover_enabled=\u00bboff\u00bb button_text_color__hover_enabled=\u00bboff\u00bb button_one_text_color__hover_enabled=\u00bboff\u00bb button_two_text_color__hover_enabled=\u00bboff\u00bb button_border_width__hover_enabled=\u00bboff\u00bb button_one_border_width__hover_enabled=\u00bboff\u00bb button_two_border_width__hover_enabled=\u00bboff\u00bb button_border_color__hover_enabled=\u00bboff\u00bb button_one_border_color__hover_enabled=\u00bboff\u00bb button_two_border_color__hover_enabled=\u00bboff\u00bb button_border_radius__hover_enabled=\u00bboff\u00bb button_one_border_radius__hover_enabled=\u00bboff\u00bb button_two_border_radius__hover_enabled=\u00bboff\u00bb button_letter_spacing__hover_enabled=\u00bboff\u00bb button_one_letter_spacing__hover_enabled=\u00bboff\u00bb button_two_letter_spacing__hover_enabled=\u00bboff\u00bb button_bg_color__hover_enabled=\u00bboff\u00bb button_one_bg_color__hover_enabled=\u00bboff\u00bb button_two_bg_color__hover_enabled=\u00bboff\u00bb background_image=\u00bbhttp:\/\/lorenzopalomo.com\/wp-content\/uploads\/2015\/11\/Lorenzo-Palomo.png\u00bb][et_pb_slide heading=\u00bbLo Que Otros Dicen\u00bb use_bg_overlay=\u00bbon\u00bb bg_overlay_color=\u00bbrgba(28,33,38,0)\u00bb use_text_overlay=\u00bboff\u00bb _builder_version=\u00bb3.16&#8243; header_level=\u00bbh1&#8243; header_font=\u00bb||||\u00bb header_font_size_tablet=\u00bb18&#8243; header_font_size_phone=\u00bb12&#8243; header_font_size_last_edited=\u00bbon|desktop\u00bb body_font=\u00bb||||\u00bb body_line_height=\u00bb2.3em\u00bb body_line_height_tablet=\u00bb2.3em\u00bb body_line_height_phone=\u00bb2.3em\u00bb background_color=\u00bb#ffffff\u00bb custom_css_main_element=\u00bbcolor: #fff !important;\u00bb button_text_size__hover_enabled=\u00bboff\u00bb button_one_text_size__hover_enabled=\u00bboff\u00bb button_two_text_size__hover_enabled=\u00bboff\u00bb button_text_color__hover_enabled=\u00bboff\u00bb button_one_text_color__hover_enabled=\u00bboff\u00bb button_two_text_color__hover_enabled=\u00bboff\u00bb button_border_width__hover_enabled=\u00bboff\u00bb button_one_border_width__hover_enabled=\u00bboff\u00bb button_two_border_width__hover_enabled=\u00bboff\u00bb button_border_color__hover_enabled=\u00bboff\u00bb button_one_border_color__hover_enabled=\u00bboff\u00bb button_two_border_color__hover_enabled=\u00bboff\u00bb button_border_radius__hover_enabled=\u00bboff\u00bb button_one_border_radius__hover_enabled=\u00bboff\u00bb button_two_border_radius__hover_enabled=\u00bboff\u00bb button_letter_spacing__hover_enabled=\u00bboff\u00bb button_one_letter_spacing__hover_enabled=\u00bboff\u00bb button_two_letter_spacing__hover_enabled=\u00bboff\u00bb button_bg_color__hover_enabled=\u00bboff\u00bb button_one_bg_color__hover_enabled=\u00bboff\u00bb button_two_bg_color__hover_enabled=\u00bboff\u00bb]&nbsp;<\/p>\n<blockquote>\n<p style=\"text-align: center;\">\u00abUn jard\u00edn multicolor de delicias musicales, rico en ideas<br \/>\ny motivos -a la manera de los nocturnos de Chopin y Debussy-<br \/>\ny lleno de contrastes y emociones.\u00bb<\/p>\n<\/blockquote>\n<h5 style=\"text-align: center;\">-Daniel Cariaga, Los Angeles Times-<\/h5>\n<h5 style=\"text-align: center;\">sobre \u00abNOCTURNOS DE ANDALUC\u00cdA\u00bb<\/h5>\n<p>[\/et_pb_slide][et_pb_slide heading=\u00bbLo Que Otros Dicen\u00bb use_bg_overlay=\u00bbon\u00bb bg_overlay_color=\u00bbrgba(28,33,38,0)\u00bb use_text_overlay=\u00bboff\u00bb _builder_version=\u00bb3.16&#8243; header_level=\u00bbh1&#8243; header_font=\u00bb||||\u00bb header_font_size_tablet=\u00bb18&#8243; header_font_size_phone=\u00bb12&#8243; header_font_size_last_edited=\u00bbon|desktop\u00bb body_font=\u00bb||||\u00bb background_color=\u00bb#ffffff\u00bb custom_css_main_element=\u00bbcolor: #fff !important;\u00bb button_text_size__hover_enabled=\u00bboff\u00bb button_one_text_size__hover_enabled=\u00bboff\u00bb button_two_text_size__hover_enabled=\u00bboff\u00bb button_text_color__hover_enabled=\u00bboff\u00bb button_one_text_color__hover_enabled=\u00bboff\u00bb button_two_text_color__hover_enabled=\u00bboff\u00bb button_border_width__hover_enabled=\u00bboff\u00bb button_one_border_width__hover_enabled=\u00bboff\u00bb button_two_border_width__hover_enabled=\u00bboff\u00bb button_border_color__hover_enabled=\u00bboff\u00bb button_one_border_color__hover_enabled=\u00bboff\u00bb button_two_border_color__hover_enabled=\u00bboff\u00bb button_border_radius__hover_enabled=\u00bboff\u00bb button_one_border_radius__hover_enabled=\u00bboff\u00bb button_two_border_radius__hover_enabled=\u00bboff\u00bb button_letter_spacing__hover_enabled=\u00bboff\u00bb button_one_letter_spacing__hover_enabled=\u00bboff\u00bb button_two_letter_spacing__hover_enabled=\u00bboff\u00bb button_bg_color__hover_enabled=\u00bboff\u00bb button_one_bg_color__hover_enabled=\u00bboff\u00bb button_two_bg_color__hover_enabled=\u00bboff\u00bb]<\/p>\n<blockquote>\n<p class=\"p1\" style=\"text-align: center;\"><span class=\"s1\">\u201cEl entusiasmo del p\u00fablico se desbord\u00f3:<br \/>\nintenso aplauso y bravos mantenidos largamente hasta que<br \/>\nLorenzo Palomo subi\u00f3 al estrado y salud\u00f3 a todos.\u00bb <\/span><\/p>\n<\/blockquote>\n<h5 style=\"text-align: center;\">&#8211; Jos\u00e9 Luis Garc\u00eda del Busto &#8211; ABC, Madrid, Spain &#8211;<\/h5>\n<h5 style=\"text-align: center;\">sobre \u00abNOCTURNOS DE ANDALUC\u00cdA\u00bb<\/h5>\n<p>[\/et_pb_slide][et_pb_slide heading=\u00bbLo Que Otros Dicen\u00bb use_bg_overlay=\u00bbon\u00bb bg_overlay_color=\u00bbrgba(28,33,38,0)\u00bb use_text_overlay=\u00bboff\u00bb _builder_version=\u00bb3.16&#8243; header_level=\u00bbh1&#8243; header_font=\u00bb||||\u00bb header_font_size_tablet=\u00bb18&#8243; header_font_size_phone=\u00bb12&#8243; header_font_size_last_edited=\u00bbon|desktop\u00bb body_font=\u00bb||||\u00bb background_color=\u00bb#ffffff\u00bb custom_css_main_element=\u00bbcolor: #fff !important;\u00bb button_text_size__hover_enabled=\u00bboff\u00bb button_one_text_size__hover_enabled=\u00bboff\u00bb button_two_text_size__hover_enabled=\u00bboff\u00bb button_text_color__hover_enabled=\u00bboff\u00bb button_one_text_color__hover_enabled=\u00bboff\u00bb button_two_text_color__hover_enabled=\u00bboff\u00bb button_border_width__hover_enabled=\u00bboff\u00bb button_one_border_width__hover_enabled=\u00bboff\u00bb button_two_border_width__hover_enabled=\u00bboff\u00bb button_border_color__hover_enabled=\u00bboff\u00bb button_one_border_color__hover_enabled=\u00bboff\u00bb button_two_border_color__hover_enabled=\u00bboff\u00bb button_border_radius__hover_enabled=\u00bboff\u00bb button_one_border_radius__hover_enabled=\u00bboff\u00bb button_two_border_radius__hover_enabled=\u00bboff\u00bb button_letter_spacing__hover_enabled=\u00bboff\u00bb button_one_letter_spacing__hover_enabled=\u00bboff\u00bb button_two_letter_spacing__hover_enabled=\u00bboff\u00bb button_bg_color__hover_enabled=\u00bboff\u00bb button_one_bg_color__hover_enabled=\u00bboff\u00bb button_two_bg_color__hover_enabled=\u00bboff\u00bb]&nbsp;<\/p>\n<blockquote>\n<p style=\"text-align: center;\">\u201c<span class=\"s1\">Este movimiento, \u00fanico en su belleza inmaculada y atmosf\u00e9rica,<br \/>\npodr\u00eda convertirse en un verdadero \u201chit\u201d de orquesta.<\/span>\u201d<\/p>\n<\/blockquote>\n<h5 style=\"text-align: center;\">&#8211; Hans-Peter M\u00fcller, Die Welt &#8211; Berlin, Alemania &#8211;<\/h5>\n<h5 style=\"text-align: center;\">sobre el movimiento \u00abNocturno de C\u00f3rdoba\u00bb of \u00abNOCTURNOS DE ANDALUC\u00cdA\u00bb<\/h5>\n<p>&nbsp;<br \/>\n[\/et_pb_slide][et_pb_slide heading=\u00bbLo Que Otros Dicen\u00bb use_bg_overlay=\u00bbon\u00bb bg_overlay_color=\u00bbrgba(28,33,38,0)\u00bb use_text_overlay=\u00bboff\u00bb _builder_version=\u00bb3.16&#8243; header_level=\u00bbh1&#8243; header_font=\u00bb||||\u00bb header_font_size_tablet=\u00bb18&#8243; header_font_size_phone=\u00bb12&#8243; header_font_size_last_edited=\u00bbon|desktop\u00bb body_font=\u00bb||||\u00bb background_color=\u00bb#ffffff\u00bb custom_css_main_element=\u00bbcolor: #fff !important;\u00bb button_text_size__hover_enabled=\u00bboff\u00bb button_one_text_size__hover_enabled=\u00bboff\u00bb button_two_text_size__hover_enabled=\u00bboff\u00bb button_text_color__hover_enabled=\u00bboff\u00bb button_one_text_color__hover_enabled=\u00bboff\u00bb button_two_text_color__hover_enabled=\u00bboff\u00bb button_border_width__hover_enabled=\u00bboff\u00bb button_one_border_width__hover_enabled=\u00bboff\u00bb button_two_border_width__hover_enabled=\u00bboff\u00bb button_border_color__hover_enabled=\u00bboff\u00bb button_one_border_color__hover_enabled=\u00bboff\u00bb button_two_border_color__hover_enabled=\u00bboff\u00bb button_border_radius__hover_enabled=\u00bboff\u00bb button_one_border_radius__hover_enabled=\u00bboff\u00bb button_two_border_radius__hover_enabled=\u00bboff\u00bb button_letter_spacing__hover_enabled=\u00bboff\u00bb button_one_letter_spacing__hover_enabled=\u00bboff\u00bb button_two_letter_spacing__hover_enabled=\u00bboff\u00bb button_bg_color__hover_enabled=\u00bboff\u00bb button_one_bg_color__hover_enabled=\u00bboff\u00bb button_two_bg_color__hover_enabled=\u00bboff\u00bb]&nbsp;<\/p>\n<blockquote>\n<p style=\"text-align: center;\">\u201c<span class=\"s1\">Fue una noche m\u00e1gica. Un concierto que se recordar\u00e1.<br \/>\nFu\u00e9 todo maravilloso, el coro, la orquesta. &#8230;<br \/>\nLa m\u00fasica de Lorenzo Palomo es fant\u00e1stica. &#8230; DULCINEA fu\u00e9 recibida<br \/>\ncon v\u00edtores y aplausos por un p\u00fablico heterog\u00e9neo. &#8230;<br \/>\nLa cantata mezcla ritmos manchegos, m\u00fasica exuberante, lirismo &#8230;\u201d<\/span><\/p>\n<\/blockquote>\n<h5 style=\"text-align: center;\">&#8211; Enrique M\u00fcller, El Correo &#8211; Bilbao, Espa\u00f1a &#8211;<\/h5>\n<p>[\/et_pb_slide][et_pb_slide heading=\u00bbLo Que Otros Dicen\u00bb use_bg_overlay=\u00bbon\u00bb bg_overlay_color=\u00bbrgba(28,33,38,0)\u00bb use_text_overlay=\u00bboff\u00bb _builder_version=\u00bb3.16&#8243; header_level=\u00bbh1&#8243; header_font=\u00bb||||\u00bb header_font_size_tablet=\u00bb18&#8243; header_font_size_phone=\u00bb12&#8243; header_font_size_last_edited=\u00bbon|desktop\u00bb body_font=\u00bb||||\u00bb background_color=\u00bb#ffffff\u00bb custom_css_main_element=\u00bbcolor: #fff !important;\u00bb button_text_size__hover_enabled=\u00bboff\u00bb button_one_text_size__hover_enabled=\u00bboff\u00bb button_two_text_size__hover_enabled=\u00bboff\u00bb button_text_color__hover_enabled=\u00bboff\u00bb button_one_text_color__hover_enabled=\u00bboff\u00bb button_two_text_color__hover_enabled=\u00bboff\u00bb button_border_width__hover_enabled=\u00bboff\u00bb button_one_border_width__hover_enabled=\u00bboff\u00bb button_two_border_width__hover_enabled=\u00bboff\u00bb button_border_color__hover_enabled=\u00bboff\u00bb button_one_border_color__hover_enabled=\u00bboff\u00bb button_two_border_color__hover_enabled=\u00bboff\u00bb button_border_radius__hover_enabled=\u00bboff\u00bb button_one_border_radius__hover_enabled=\u00bboff\u00bb button_two_border_radius__hover_enabled=\u00bboff\u00bb button_letter_spacing__hover_enabled=\u00bboff\u00bb button_one_letter_spacing__hover_enabled=\u00bboff\u00bb button_two_letter_spacing__hover_enabled=\u00bboff\u00bb button_bg_color__hover_enabled=\u00bboff\u00bb button_one_bg_color__hover_enabled=\u00bboff\u00bb button_two_bg_color__hover_enabled=\u00bboff\u00bb]<\/p>\n<blockquote>\n<p style=\"text-align: center;\">\u201c<span class=\"s1\">La DULCINEA de Palomo aclamada en Berl\u00edn<\/span>\u201d<\/p>\n<\/blockquote>\n<h5 style=\"text-align: center;\">&#8211; Jos\u00e9 Luis Garc\u00eda del Busto, Revista Scherzo &#8211;<\/h5>\n<h5 style=\"text-align: center;\">Madrid, Espa\u00f1a<\/h5>\n<p>[\/et_pb_slide][et_pb_slide heading=\u00bbLo Que Otros Dicen\u00bb use_bg_overlay=\u00bbon\u00bb bg_overlay_color=\u00bbrgba(28,33,38,0)\u00bb use_text_overlay=\u00bboff\u00bb _builder_version=\u00bb3.16&#8243; header_level=\u00bbh1&#8243; header_font=\u00bb||||\u00bb header_font_size_tablet=\u00bb18&#8243; header_font_size_phone=\u00bb12&#8243; header_font_size_last_edited=\u00bbon|desktop\u00bb body_font=\u00bb||||\u00bb background_color=\u00bb#ffffff\u00bb custom_css_main_element=\u00bbcolor: #fff !important;\u00bb button_text_size__hover_enabled=\u00bboff\u00bb button_one_text_size__hover_enabled=\u00bboff\u00bb button_two_text_size__hover_enabled=\u00bboff\u00bb button_text_color__hover_enabled=\u00bboff\u00bb button_one_text_color__hover_enabled=\u00bboff\u00bb button_two_text_color__hover_enabled=\u00bboff\u00bb button_border_width__hover_enabled=\u00bboff\u00bb button_one_border_width__hover_enabled=\u00bboff\u00bb button_two_border_width__hover_enabled=\u00bboff\u00bb button_border_color__hover_enabled=\u00bboff\u00bb button_one_border_color__hover_enabled=\u00bboff\u00bb button_two_border_color__hover_enabled=\u00bboff\u00bb button_border_radius__hover_enabled=\u00bboff\u00bb button_one_border_radius__hover_enabled=\u00bboff\u00bb button_two_border_radius__hover_enabled=\u00bboff\u00bb button_letter_spacing__hover_enabled=\u00bboff\u00bb button_one_letter_spacing__hover_enabled=\u00bboff\u00bb button_two_letter_spacing__hover_enabled=\u00bboff\u00bb button_bg_color__hover_enabled=\u00bboff\u00bb button_one_bg_color__hover_enabled=\u00bboff\u00bb button_two_bg_color__hover_enabled=\u00bboff\u00bb]<\/p>\n<blockquote>\n<p style=\"text-align: center;\"><span class=\"s1\">\u201cEstoy convencido de que THE SNEETCHES de Lorenzo Palomo<br \/>\nse convertir\u00e1 en obra del repertorio de orquesta,<br \/>\nal igual que los cl\u00e1sicos como \u201cPedro y el lobo\u201d de Prokofiev<br \/>\ny la \u201cGuia de la Orquesta para j\u00f3venes\u201d de Britten.\u201d<\/span><\/p>\n<\/blockquote>\n<h5 style=\"text-align: center;\">&#8211; Martin Bookspan, CR\u00cdTICO AMERICANO Y COMENTARISTA &#8211;<\/h5>\n<h5 style=\"text-align: center;\">Nueva York<\/h5>\n<p>[\/et_pb_slide][et_pb_slide heading=\u00bbLo Que Otros Dicen\u00bb use_bg_overlay=\u00bbon\u00bb bg_overlay_color=\u00bbrgba(28,33,38,0)\u00bb use_text_overlay=\u00bboff\u00bb _builder_version=\u00bb3.16&#8243; header_level=\u00bbh1&#8243; header_font=\u00bb||||\u00bb header_font_size_tablet=\u00bb18&#8243; header_font_size_phone=\u00bb12&#8243; header_font_size_last_edited=\u00bbon|desktop\u00bb body_font=\u00bb||||\u00bb background_color=\u00bb#ffffff\u00bb custom_css_main_element=\u00bbcolor: #fff !important;\u00bb button_text_size__hover_enabled=\u00bboff\u00bb button_one_text_size__hover_enabled=\u00bboff\u00bb button_two_text_size__hover_enabled=\u00bboff\u00bb button_text_color__hover_enabled=\u00bboff\u00bb button_one_text_color__hover_enabled=\u00bboff\u00bb button_two_text_color__hover_enabled=\u00bboff\u00bb button_border_width__hover_enabled=\u00bboff\u00bb button_one_border_width__hover_enabled=\u00bboff\u00bb button_two_border_width__hover_enabled=\u00bboff\u00bb button_border_color__hover_enabled=\u00bboff\u00bb button_one_border_color__hover_enabled=\u00bboff\u00bb button_two_border_color__hover_enabled=\u00bboff\u00bb button_border_radius__hover_enabled=\u00bboff\u00bb button_one_border_radius__hover_enabled=\u00bboff\u00bb button_two_border_radius__hover_enabled=\u00bboff\u00bb button_letter_spacing__hover_enabled=\u00bboff\u00bb button_one_letter_spacing__hover_enabled=\u00bboff\u00bb button_two_letter_spacing__hover_enabled=\u00bboff\u00bb button_bg_color__hover_enabled=\u00bboff\u00bb button_one_bg_color__hover_enabled=\u00bboff\u00bb button_two_bg_color__hover_enabled=\u00bboff\u00bb]<\/p>\n<blockquote>\n<p style=\"text-align: center;\">\u201c<span class=\"s1\">Me fascin\u00f3 realmente la partitura de Palomo y creo que<br \/>\nverdaderamente va a encontrar su camino en la categor\u00eda<br \/>\nde la \u201cliteratura standard cl\u00e1sica\u201d, pues su escritura brillante<br \/>\ntiene un mensaje social independiente de la \u00e9poca.<br \/>\nPero sobre todo, \u00a1es diversi\u00f3n!<\/span><span class=\"s1\">\u201d<\/span><\/p>\n<\/blockquote>\n<h5 style=\"text-align: center;\">&#8211; Mike Telin, Cleveland classical &#8211; Ohio &#8211;<\/h5>\n<h5 style=\"text-align: center;\">sobre \u00abTHE SNEETCHES\u00bb<\/h5>\n<p>[\/et_pb_slide][\/et_pb_fullwidth_slider][\/et_pb_section]<\/p>\n","protected":false},"excerpt":{"rendered":"<p>[et_pb_section fb_built=\u00bb1&#8243; fullwidth=\u00bbon\u00bb module_id=\u00bbcritics\u00bb module_class=\u00bbet-waypoint fadein-animated josefinKenBurnsHeader\u00bb _builder_version=\u00bb3.0.89&#8243; background_color=\u00bbrgba(0,0,0,0.3)\u00bb background_image=\u00bbhttp:\/\/stage.lorenzopalomo.com\/wp-content\/uploads\/2015\/11\/Lorenzo-Palomo.png\u00bb parallax=\u00bbon\u00bb parallax_method=\u00bboff\u00bb custom_padding=\u00bb0px||0px|\u00bb transparent_background=\u00bboff\u00bb padding_mobile=\u00bbon\u00bb][et_pb_fullwidth_slider show_pagination=\u00bboff\u00bb show_image_video_mobile=\u00bbon\u00bb admin_label=\u00bbLo Que Otros Dicen\u00bb module_id=\u00bbreviews\u00bb _builder_version=\u00bb3.20.1&#8243; header_text_color=\u00bb#fbf1e3&#8243; header_font_size=\u00bb48&#8243; header_font_size_phone=\u00bb18&#8243; header_font_size_last_edited=\u00bbon|phone\u00bb header_line_height=\u00bb1.2em\u00bb body_text_color=\u00bb#fbf1e3&#8243; custom_padding=\u00bb|||\u00bb auto=\u00bbon\u00bb remove_inner_shadow=\u00bbon\u00bb hide_content_on_mobile=\u00bboff\u00bb hide_cta_on_mobile=\u00bboff\u00bb show_inner_shadow=\u00bboff\u00bb button_text_size__hover_enabled=\u00bboff\u00bb button_one_text_size__hover_enabled=\u00bboff\u00bb button_two_text_size__hover_enabled=\u00bboff\u00bb button_text_color__hover_enabled=\u00bboff\u00bb button_one_text_color__hover_enabled=\u00bboff\u00bb button_two_text_color__hover_enabled=\u00bboff\u00bb button_border_width__hover_enabled=\u00bboff\u00bb button_one_border_width__hover_enabled=\u00bboff\u00bb button_two_border_width__hover_enabled=\u00bboff\u00bb button_border_color__hover_enabled=\u00bboff\u00bb button_one_border_color__hover_enabled=\u00bboff\u00bb button_two_border_color__hover_enabled=\u00bboff\u00bb button_border_radius__hover_enabled=\u00bboff\u00bb button_one_border_radius__hover_enabled=\u00bboff\u00bb button_two_border_radius__hover_enabled=\u00bboff\u00bb button_letter_spacing__hover_enabled=\u00bboff\u00bb button_one_letter_spacing__hover_enabled=\u00bboff\u00bb button_two_letter_spacing__hover_enabled=\u00bboff\u00bb button_bg_color__hover_enabled=\u00bboff\u00bb button_one_bg_color__hover_enabled=\u00bboff\u00bb [&hellip;]<\/p>\n","protected":false},"author":1,"featured_media":0,"parent":0,"menu_order":0,"comment_status":"closed","ping_status":"closed","template":"","meta":{"_et_pb_use_builder":"on","_et_pb_old_content":""},"_links":{"self":[{"href":"http:\/\/lorenzopalomo.com\/es\/wp-json\/wp\/v2\/pages\/204652"}],"collection":[{"href":"http:\/\/lorenzopalomo.com\/es\/wp-json\/wp\/v2\/pages"}],"about":[{"href":"http:\/\/lorenzopalomo.com\/es\/wp-json\/wp\/v2\/types\/page"}],"author":[{"embeddable":true,"href":"http:\/\/lorenzopalomo.com\/es\/wp-json\/wp\/v2\/users\/1"}],"replies":[{"embeddable":true,"href":"http:\/\/lorenzopalomo.com\/es\/wp-json\/wp\/v2\/comments?post=204652"}],"version-history":[{"count":8,"href":"http:\/\/lorenzopalomo.com\/es\/wp-json\/wp\/v2\/pages\/204652\/revisions"}],"predecessor-version":[{"id":208498,"href":"http:\/\/lorenzopalomo.com\/es\/wp-json\/wp\/v2\/pages\/204652\/revisions\/208498"}],"wp:attachment":[{"href":"http:\/\/lorenzopalomo.com\/es\/wp-json\/wp\/v2\/media?parent=204652"}],"curies":[{"name":"wp","href":"https:\/\/api.w.org\/{rel}","templated":true}]}}