{"id":204645,"date":"2017-10-19T09:50:06","date_gmt":"2017-10-19T09:50:06","guid":{"rendered":"http:\/\/stage.lorenzopalomo.com\/biografia\/"},"modified":"2021-05-04T10:43:05","modified_gmt":"2021-05-04T10:43:05","slug":"biografia","status":"publish","type":"page","link":"http:\/\/lorenzopalomo.com\/es\/biografia\/","title":{"rendered":"BIOGRAF\u00cdA"},"content":{"rendered":"<p>[et_pb_section fb_built=\u00bb1&#8243; fullwidth=\u00bbon\u00bb custom_padding_last_edited=\u00bbon|desktop\u00bb _builder_version=\u00bb3.0.85&#8243; background_color=\u00bb#fbf1e3&#8243; custom_padding_tablet=\u00bb50px|0|50px|0&#8243; transparent_background=\u00bboff\u00bb][et_pb_fullwidth_image src=\u00bbhttp:\/\/josefin.madebysuperfly.com\/wp-content\/uploads\/sites\/2\/2016\/02\/glow.png\u00bb disabled_on=\u00bbon|on|on\u00bb admin_label=\u00bbFade\u00bb module_id=\u00bbfade\u00bb _builder_version=\u00bb3.0.72&#8243; custom_css_main_element=\u00bbposition: absolute;||top: 0;||z-index: 99;\u00bb animation=\u00bboff\u00bb disabled=\u00bbon\u00bb][\/et_pb_fullwidth_image][et_pb_fullwidth_slider show_arrows=\u00bboff\u00bb show_pagination=\u00bboff\u00bb _builder_version=\u00bb3.16&#8243; use_background_color_gradient=\u00bbon\u00bb background_color_gradient_start=\u00bbrgba(0,0,0,0.8)\u00bb background_color_gradient_end=\u00bbrgba(41,196,169,0)\u00bb box_shadow_style=\u00bbpreset6&#8243; box_shadow_blur=\u00bb10px\u00bb box_shadow_color=\u00bbrgba(0,0,0,0.1)\u00bb button_text_size__hover_enabled=\u00bboff\u00bb button_one_text_size__hover_enabled=\u00bboff\u00bb button_two_text_size__hover_enabled=\u00bboff\u00bb button_text_color__hover_enabled=\u00bboff\u00bb button_one_text_color__hover_enabled=\u00bboff\u00bb button_two_text_color__hover_enabled=\u00bboff\u00bb button_border_width__hover_enabled=\u00bboff\u00bb button_one_border_width__hover_enabled=\u00bboff\u00bb button_two_border_width__hover_enabled=\u00bboff\u00bb button_border_color__hover_enabled=\u00bboff\u00bb button_one_border_color__hover_enabled=\u00bboff\u00bb button_two_border_color__hover_enabled=\u00bboff\u00bb button_border_radius__hover_enabled=\u00bboff\u00bb button_one_border_radius__hover_enabled=\u00bboff\u00bb button_two_border_radius__hover_enabled=\u00bboff\u00bb button_letter_spacing__hover_enabled=\u00bboff\u00bb button_one_letter_spacing__hover_enabled=\u00bboff\u00bb button_two_letter_spacing__hover_enabled=\u00bboff\u00bb button_bg_color__hover_enabled=\u00bboff\u00bb button_one_bg_color__hover_enabled=\u00bboff\u00bb button_two_bg_color__hover_enabled=\u00bboff\u00bb][et_pb_slide heading=\u00bbBIOGRAF\u00cdA \u00bb use_bg_overlay=\u00bboff\u00bb use_text_overlay=\u00bboff\u00bb _builder_version=\u00bb3.16&#8243; header_level=\u00bbh1&#8243; header_font=\u00bb||||\u00bb header_text_color=\u00bb#fbf1e3&#8243; body_font=\u00bb||||\u00bb background_color=\u00bb#ffffff\u00bb background_image=\u00bbhttp:\/\/stage.lorenzopalomo.com\/wp-content\/uploads\/2016\/06\/Foto-Background-lorenzopalomo.gif\u00bb background_position=\u00bbtop_center\u00bb button_text_size__hover_enabled=\u00bboff\u00bb button_one_text_size__hover_enabled=\u00bboff\u00bb button_two_text_size__hover_enabled=\u00bboff\u00bb button_text_color__hover_enabled=\u00bboff\u00bb button_one_text_color__hover_enabled=\u00bboff\u00bb button_two_text_color__hover_enabled=\u00bboff\u00bb button_border_width__hover_enabled=\u00bboff\u00bb button_one_border_width__hover_enabled=\u00bboff\u00bb button_two_border_width__hover_enabled=\u00bboff\u00bb button_border_color__hover_enabled=\u00bboff\u00bb button_one_border_color__hover_enabled=\u00bboff\u00bb button_two_border_color__hover_enabled=\u00bboff\u00bb button_border_radius__hover_enabled=\u00bboff\u00bb button_one_border_radius__hover_enabled=\u00bboff\u00bb button_two_border_radius__hover_enabled=\u00bboff\u00bb button_letter_spacing__hover_enabled=\u00bboff\u00bb button_one_letter_spacing__hover_enabled=\u00bboff\u00bb button_two_letter_spacing__hover_enabled=\u00bboff\u00bb button_bg_color__hover_enabled=\u00bboff\u00bb button_one_bg_color__hover_enabled=\u00bboff\u00bb button_two_bg_color__hover_enabled=\u00bboff\u00bb][\/et_pb_slide][\/et_pb_fullwidth_slider][\/et_pb_section][et_pb_section fb_built=\u00bb1&#8243; _builder_version=\u00bb3.0.85&#8243; background_color=\u00bb#fbf1e3&#8243;][et_pb_row _builder_version=\u00bb3.0.47&#8243; background_size=\u00bbinitial\u00bb background_position=\u00bbtop_left\u00bb background_repeat=\u00bbrepeat\u00bb][et_pb_column type=\u00bb1_4&#8243; _builder_version=\u00bb3.0.47&#8243;][et_pb_divider show_divider=\u00bboff\u00bb height=\u00bb40px\u00bb _builder_version=\u00bb3.2&#8243;][\/et_pb_divider][et_pb_image src=\u00bbhttp:\/\/stage.lorenzopalomo.com\/wp-content\/uploads\/2017\/11\/PHOTO-together-with-BIOGRAPHY-1024&#215;936.jpg\u00bb show_in_lightbox=\u00bbon\u00bb _builder_version=\u00bb3.0.89&#8243;][\/et_pb_image][et_pb_button button_url=\u00bbhttp:\/\/lorenzopalomo.com\/wp-content\/uploads\/2021\/05\/LORENZO-PALOMO-Biografi\u0301a.pdf\u00bb url_new_window=\u00bbon\u00bb button_text=\u00bbDescargar\u00bb button_alignment=\u00bbleft\u00bb _builder_version=\u00bb3.20.1&#8243; custom_button=\u00bbon\u00bb button_text_color=\u00bb#000000&#8243; button_bg_color=\u00bb#fbf1e3&#8243; button_border_color=\u00bb#000000&#8243; button_text_color_hover=\u00bb#d63e30&#8243; button_border_color_hover=\u00bb#fbf1e3&#8243; button_letter_spacing_hover=\u00bb5&#8243; button_bg_color_hover=\u00bb#fbf1e3&#8243; button_text_size__hover_enabled=\u00bboff\u00bb button_one_text_size__hover_enabled=\u00bboff\u00bb button_two_text_size__hover_enabled=\u00bboff\u00bb button_text_color__hover_enabled=\u00bbon\u00bb button_text_color__hover=\u00bb#d63e30&#8243; button_one_text_color__hover_enabled=\u00bboff\u00bb button_two_text_color__hover_enabled=\u00bboff\u00bb button_border_width__hover_enabled=\u00bboff\u00bb button_one_border_width__hover_enabled=\u00bboff\u00bb button_two_border_width__hover_enabled=\u00bboff\u00bb button_border_color__hover_enabled=\u00bbon\u00bb button_border_color__hover=\u00bb#fbf1e3&#8243; button_one_border_color__hover_enabled=\u00bboff\u00bb button_two_border_color__hover_enabled=\u00bboff\u00bb button_border_radius__hover_enabled=\u00bboff\u00bb button_one_border_radius__hover_enabled=\u00bboff\u00bb button_two_border_radius__hover_enabled=\u00bboff\u00bb button_letter_spacing__hover_enabled=\u00bbon\u00bb button_letter_spacing__hover=\u00bb5&#8243; button_one_letter_spacing__hover_enabled=\u00bboff\u00bb button_two_letter_spacing__hover_enabled=\u00bboff\u00bb button_bg_color__hover_enabled=\u00bbon\u00bb button_bg_color__hover=\u00bb#fbf1e3&#8243; button_one_bg_color__hover_enabled=\u00bboff\u00bb button_two_bg_color__hover_enabled=\u00bboff\u00bb][\/et_pb_button][et_pb_button button_url=\u00bb\/es\/galeria\/\u00bb button_text=\u00bbGaler\u00eda\u00bb button_alignment=\u00bbleft\u00bb _builder_version=\u00bb3.16&#8243; custom_button=\u00bbon\u00bb button_text_color=\u00bb#000000&#8243; button_bg_color=\u00bb#fbf1e3&#8243; button_border_color=\u00bb#000000&#8243; button_text_color_hover=\u00bb#d63e30&#8243; button_border_color_hover=\u00bb#fbf1e3&#8243; button_letter_spacing_hover=\u00bb5&#8243; button_bg_color_hover=\u00bb#fbf1e3&#8243; button_text_size__hover_enabled=\u00bboff\u00bb button_one_text_size__hover_enabled=\u00bboff\u00bb button_two_text_size__hover_enabled=\u00bboff\u00bb button_text_color__hover_enabled=\u00bbon\u00bb button_text_color__hover=\u00bb#d63e30&#8243; button_one_text_color__hover_enabled=\u00bboff\u00bb button_two_text_color__hover_enabled=\u00bboff\u00bb button_border_width__hover_enabled=\u00bboff\u00bb button_one_border_width__hover_enabled=\u00bboff\u00bb button_two_border_width__hover_enabled=\u00bboff\u00bb button_border_color__hover_enabled=\u00bbon\u00bb button_border_color__hover=\u00bb#fbf1e3&#8243; button_one_border_color__hover_enabled=\u00bboff\u00bb button_two_border_color__hover_enabled=\u00bboff\u00bb button_border_radius__hover_enabled=\u00bboff\u00bb button_one_border_radius__hover_enabled=\u00bboff\u00bb button_two_border_radius__hover_enabled=\u00bboff\u00bb button_letter_spacing__hover_enabled=\u00bbon\u00bb button_letter_spacing__hover=\u00bb5&#8243; button_one_letter_spacing__hover_enabled=\u00bboff\u00bb button_two_letter_spacing__hover_enabled=\u00bboff\u00bb button_bg_color__hover_enabled=\u00bbon\u00bb button_bg_color__hover=\u00bb#fbf1e3&#8243; button_one_bg_color__hover_enabled=\u00bboff\u00bb button_two_bg_color__hover_enabled=\u00bboff\u00bb][\/et_pb_button][\/et_pb_column][et_pb_column type=\u00bb3_4&#8243; _builder_version=\u00bb3.0.47&#8243;][et_pb_divider show_divider=\u00bboff\u00bb height=\u00bb40px\u00bb _builder_version=\u00bb3.2&#8243;][\/et_pb_divider][et_pb_text _builder_version=\u00bb3.20.1&#8243; header_text_align=\u00bbleft\u00bb module_alignment=\u00bbcenter\u00bb]<\/p>\n<blockquote>\n<p><span style=\"color: #d63e30;\">Lorenzo Palomo es uno de los compositores espa\u00f1oles contempor\u00e1neos de mayor proyecci\u00f3n internacional. Sus composiciones le han proporcionado \u00e9xitos rotundos en Espa\u00f1a y fuera de ella.<\/span><\/p>\n<\/blockquote>\n<p>Naci\u00f3 en Ciudad Real en 1938. Cortas fechas despu\u00e9s de su nacimiento, la familia se traslad\u00f3 a Pozoblanco (C\u00f3rdoba) y unos a\u00f1os despu\u00e9s se fueron a vivir a C\u00f3rdoba, donde el compositor pas\u00f3 sus a\u00f1os de juventud.<\/p>\n<p>Estudi\u00f3 piano y armon\u00eda en el Conservatorio de C\u00f3rdoba y a los veinte a\u00f1os ingres\u00f3 en el Conservatorio Superior de M\u00fasica de Barcelona, donde estudi\u00f3 composici\u00f3n con Joaqu\u00edn Zamacois y piano con Sof\u00eda Puche de Mendlewicz. M\u00e1s tarde, becado por la Fundaci\u00f3n Juan March, estudi\u00f3 direcci\u00f3n de orquesta con Boris Goldovsky en Nueva York.<\/p>\n<p>En 1973 fue nombrado director titular de la Orquesta Sinf\u00f3nica de Valencia, compagin\u00e1ndolo con el cargo de principal director invitado de la Orquesta Sinf\u00f3nica de Manila, Filipinas. En esta \u00e9poca dirigi\u00f3 tanto conciertos como representaciones de \u00f3pera. En 1976 fue invitado a dirigir el concierto conmemorativo del Centenario de Manuel de Falla en Ginebra con la Orquesta de la Suisse Romande.<\/p>\n<p>Su m\u00fasica ha sido interpretada en las salas de conciertos m\u00e1s prestigiosas del mundo, entre ellas Carnegie Hall (Nueva York), Symphony Hall (Boston), Verizon Hall (Kimmel Center, Filadelfia), Covent Garden (Londres), Suntory Hall (Tokio), Auditorium Tschaikowsky (Mosc\u00fa), Philharmonie (Berl\u00edn), Konzerthaus (Berl\u00edn), Victoria Hall (Ginebra), Auditorio Nacional (Madrid), L\u2019Auditori (Barcelona), Palau de la M\u00fasica (Valencia), Teatro de la Maestranza (Sevilla), Palacio Euskalduna (Bilbao), Auditorio Manuel de Falla (Granada) y muchas otras.<\/p>\n<p>As\u00ed mismo sus composiciones han sido interpretadas por muchas de las orquestas m\u00e1s importantes del mundo, entre ellas las Orquestas Sinf\u00f3nicas de Boston, Filadelfia, Pittsburgh, Cincinnati, Sinf\u00f3nica de Londres, Sinf\u00f3nica de la Radio de Berl\u00edn, \u00d3pera de Berl\u00edn, Filarm\u00f3nica de Dresde, Sinf\u00f3nica y Filarm\u00f3nica de Hamburgo, Yomiuri Nippon de Tokio, Suisse Romande de Ginebra, Accademia Santa Cecilia de Roma, Filarm\u00f3nicas de Bergen y Oslo, Sinf\u00f3nica de la Nueva Rusia de Mosc\u00fa, Nacional de Espa\u00f1a y Sinf\u00f3nicas de Madrid, Barcelona, Valencia, Bilbao, Euskadi, Sevilla, Castilla y Le\u00f3n etc.<\/p>\n<p>Su Majestad el Rey Juan Carlos I condecor\u00f3 a Lorenzo Palomo con la Encomienda de N\u00famero de la Orden de Isabel la Cat\u00f3lica por llevar con su m\u00fasica el nombre de Espa\u00f1a por el mundo.<\/p>\n<p><span style=\"font-weight: 400;\">Despu\u00e9s de vivir 38 en Berl\u00edn, donde ha sido miembro estable de la \u00d3pera de la capital alemana (Deutsche Oper Berlin) desde 1981 a 2004, Lorenzo Palomo reside en Madrid desde 2019.<\/span><\/p>\n<p>La casa discogr\u00e1fica NAXOS ha lanzado al mercado internacional en seis CDs las siguientes obras de Lorenzo Palomo:\u00a0\u201cNocturnos de Andaluc\u00eda\u201d, \u201cCanciones espa\u00f1olas\u201d, \u201cCantos del alma\u201d, \u201cSinfon\u00eda a Granada\u201d, \u201cMi jard\u00edn solitario\u201d, \u201cMadrigal y Cinco canciones sefard\u00edes\u201d, \u201cConcierto de Cienfuegos\u201d, \u201cDulcinea\u201d, \u201cSinfon\u00eda C\u00f3rdoba\u201d, \u201cFulgores\u201d, \u201cArabescos\u201d, \u201cCaribiana\u201d y \u201cHumoresca\u201d.<\/p>\n<p>Igualmente est\u00e1 ya en el mercado, distribuido por NAXOS, el CD con la grabaci\u00f3n del poema sinf\u00f3nico con narrador\u00a0\u201cDr. Seuss\u2019 The Sneetches\u201d.<\/p>\n<p>[\/et_pb_text][et_pb_divider show_divider=\u00bboff\u00bb height=\u00bb40px\u00bb _builder_version=\u00bb3.2&#8243;][\/et_pb_divider][\/et_pb_column][\/et_pb_row][\/et_pb_section]<\/p>\n","protected":false},"excerpt":{"rendered":"<p>[et_pb_section fb_built=\u00bb1&#8243; fullwidth=\u00bbon\u00bb custom_padding_last_edited=\u00bbon|desktop\u00bb _builder_version=\u00bb3.0.85&#8243; background_color=\u00bb#fbf1e3&#8243; custom_padding_tablet=\u00bb50px|0|50px|0&#8243; transparent_background=\u00bboff\u00bb][et_pb_fullwidth_image src=\u00bbhttp:\/\/josefin.madebysuperfly.com\/wp-content\/uploads\/sites\/2\/2016\/02\/glow.png\u00bb disabled_on=\u00bbon|on|on\u00bb admin_label=\u00bbFade\u00bb module_id=\u00bbfade\u00bb _builder_version=\u00bb3.0.72&#8243; custom_css_main_element=\u00bbposition: absolute;||top: 0;||z-index: 99;\u00bb animation=\u00bboff\u00bb disabled=\u00bbon\u00bb][\/et_pb_fullwidth_image][et_pb_fullwidth_slider show_arrows=\u00bboff\u00bb show_pagination=\u00bboff\u00bb _builder_version=\u00bb3.16&#8243; use_background_color_gradient=\u00bbon\u00bb background_color_gradient_start=\u00bbrgba(0,0,0,0.8)\u00bb background_color_gradient_end=\u00bbrgba(41,196,169,0)\u00bb box_shadow_style=\u00bbpreset6&#8243; box_shadow_blur=\u00bb10px\u00bb box_shadow_color=\u00bbrgba(0,0,0,0.1)\u00bb button_text_size__hover_enabled=\u00bboff\u00bb button_one_text_size__hover_enabled=\u00bboff\u00bb button_two_text_size__hover_enabled=\u00bboff\u00bb button_text_color__hover_enabled=\u00bboff\u00bb button_one_text_color__hover_enabled=\u00bboff\u00bb button_two_text_color__hover_enabled=\u00bboff\u00bb button_border_width__hover_enabled=\u00bboff\u00bb button_one_border_width__hover_enabled=\u00bboff\u00bb button_two_border_width__hover_enabled=\u00bboff\u00bb button_border_color__hover_enabled=\u00bboff\u00bb button_one_border_color__hover_enabled=\u00bboff\u00bb button_two_border_color__hover_enabled=\u00bboff\u00bb button_border_radius__hover_enabled=\u00bboff\u00bb button_one_border_radius__hover_enabled=\u00bboff\u00bb button_two_border_radius__hover_enabled=\u00bboff\u00bb button_letter_spacing__hover_enabled=\u00bboff\u00bb button_one_letter_spacing__hover_enabled=\u00bboff\u00bb button_two_letter_spacing__hover_enabled=\u00bboff\u00bb button_bg_color__hover_enabled=\u00bboff\u00bb button_one_bg_color__hover_enabled=\u00bboff\u00bb button_two_bg_color__hover_enabled=\u00bboff\u00bb][et_pb_slide heading=\u00bbBIOGRAF\u00cdA \u00bb use_bg_overlay=\u00bboff\u00bb use_text_overlay=\u00bboff\u00bb _builder_version=\u00bb3.16&#8243; header_level=\u00bbh1&#8243; [&hellip;]<\/p>\n","protected":false},"author":1,"featured_media":0,"parent":0,"menu_order":0,"comment_status":"closed","ping_status":"closed","template":"","meta":{"_et_pb_use_builder":"on","_et_pb_old_content":""},"_links":{"self":[{"href":"http:\/\/lorenzopalomo.com\/es\/wp-json\/wp\/v2\/pages\/204645"}],"collection":[{"href":"http:\/\/lorenzopalomo.com\/es\/wp-json\/wp\/v2\/pages"}],"about":[{"href":"http:\/\/lorenzopalomo.com\/es\/wp-json\/wp\/v2\/types\/page"}],"author":[{"embeddable":true,"href":"http:\/\/lorenzopalomo.com\/es\/wp-json\/wp\/v2\/users\/1"}],"replies":[{"embeddable":true,"href":"http:\/\/lorenzopalomo.com\/es\/wp-json\/wp\/v2\/comments?post=204645"}],"version-history":[{"count":23,"href":"http:\/\/lorenzopalomo.com\/es\/wp-json\/wp\/v2\/pages\/204645\/revisions"}],"predecessor-version":[{"id":208813,"href":"http:\/\/lorenzopalomo.com\/es\/wp-json\/wp\/v2\/pages\/204645\/revisions\/208813"}],"wp:attachment":[{"href":"http:\/\/lorenzopalomo.com\/es\/wp-json\/wp\/v2\/media?parent=204645"}],"curies":[{"name":"wp","href":"https:\/\/api.w.org\/{rel}","templated":true}]}}