{"id":207130,"date":"2017-11-01T19:58:59","date_gmt":"2017-11-01T19:58:59","guid":{"rendered":"http:\/\/stage.lorenzopalomo.com\/what-others-say\/"},"modified":"2019-03-10T09:59:25","modified_gmt":"2019-03-10T09:59:25","slug":"was-andere-sagen","status":"publish","type":"page","link":"http:\/\/lorenzopalomo.com\/de\/was-andere-sagen\/","title":{"rendered":"Was andere sagen"},"content":{"rendered":"<p>[et_pb_section fb_built=&#8220;1&#8243; fullwidth=&#8220;on&#8220; module_id=&#8220;critics&#8220; module_class=&#8220;et-waypoint fadein-animated josefinKenBurnsHeader&#8220; _builder_version=&#8220;3.0.89&#8243; background_color=&#8220;rgba(0,0,0,0.3)&#8220; background_image=&#8220;http:\/\/stage.lorenzopalomo.com\/wp-content\/uploads\/2015\/11\/Lorenzo-Palomo.png&#8220; parallax=&#8220;on&#8220; parallax_method=&#8220;off&#8220; custom_padding=&#8220;0px||0px|&#8220; transparent_background=&#8220;off&#8220; padding_mobile=&#8220;on&#8220;][et_pb_fullwidth_slider show_pagination=&#8220;off&#8220; show_image_video_mobile=&#8220;on&#8220; admin_label=&#8220;What Others Say&#8220; module_id=&#8220;reviews&#8220; _builder_version=&#8220;3.20.1&#8243; header_text_color=&#8220;#fbf1e3&#8243; header_font_size=&#8220;48&#8243; header_font_size_phone=&#8220;18&#8243; header_font_size_last_edited=&#8220;on|phone&#8220; header_line_height=&#8220;1.2em&#8220; body_text_color=&#8220;#fbf1e3&#8243; background_image=&#8220;http:\/\/lorenzopalomo.com\/wp-content\/uploads\/2015\/11\/Lorenzo-Palomo.png&#8220; custom_padding=&#8220;|||&#8220; auto=&#8220;on&#8220; remove_inner_shadow=&#8220;on&#8220; hide_content_on_mobile=&#8220;off&#8220; hide_cta_on_mobile=&#8220;off&#8220; show_inner_shadow=&#8220;off&#8220; button_text_size__hover_enabled=&#8220;off&#8220; button_one_text_size__hover_enabled=&#8220;off&#8220; button_two_text_size__hover_enabled=&#8220;off&#8220; button_text_color__hover_enabled=&#8220;off&#8220; button_one_text_color__hover_enabled=&#8220;off&#8220; button_two_text_color__hover_enabled=&#8220;off&#8220; button_border_width__hover_enabled=&#8220;off&#8220; button_one_border_width__hover_enabled=&#8220;off&#8220; button_two_border_width__hover_enabled=&#8220;off&#8220; button_border_color__hover_enabled=&#8220;off&#8220; button_one_border_color__hover_enabled=&#8220;off&#8220; button_two_border_color__hover_enabled=&#8220;off&#8220; button_border_radius__hover_enabled=&#8220;off&#8220; button_one_border_radius__hover_enabled=&#8220;off&#8220; button_two_border_radius__hover_enabled=&#8220;off&#8220; button_letter_spacing__hover_enabled=&#8220;off&#8220; button_one_letter_spacing__hover_enabled=&#8220;off&#8220; button_two_letter_spacing__hover_enabled=&#8220;off&#8220; button_bg_color__hover_enabled=&#8220;off&#8220; button_one_bg_color__hover_enabled=&#8220;off&#8220; button_two_bg_color__hover_enabled=&#8220;off&#8220;][et_pb_slide heading=&#8220;Was andere sagen&#8220; use_bg_overlay=&#8220;on&#8220; bg_overlay_color=&#8220;rgba(28,33,38,0)&#8220; use_text_overlay=&#8220;off&#8220; _builder_version=&#8220;3.16&#8243; header_level=&#8220;h1&#8243; header_font=&#8220;||||&#8220; header_font_size_tablet=&#8220;18&#8243; header_font_size_phone=&#8220;12&#8243; header_font_size_last_edited=&#8220;on|desktop&#8220; body_font=&#8220;||||&#8220; body_line_height=&#8220;2.3em&#8220; body_line_height_tablet=&#8220;2.3em&#8220; body_line_height_phone=&#8220;2.3em&#8220; background_color=&#8220;#ffffff&#8220; custom_css_main_element=&#8220;color: #fff !important;&#8220; button_text_size__hover_enabled=&#8220;off&#8220; button_one_text_size__hover_enabled=&#8220;off&#8220; button_two_text_size__hover_enabled=&#8220;off&#8220; button_text_color__hover_enabled=&#8220;off&#8220; button_one_text_color__hover_enabled=&#8220;off&#8220; button_two_text_color__hover_enabled=&#8220;off&#8220; button_border_width__hover_enabled=&#8220;off&#8220; button_one_border_width__hover_enabled=&#8220;off&#8220; button_two_border_width__hover_enabled=&#8220;off&#8220; button_border_color__hover_enabled=&#8220;off&#8220; button_one_border_color__hover_enabled=&#8220;off&#8220; button_two_border_color__hover_enabled=&#8220;off&#8220; button_border_radius__hover_enabled=&#8220;off&#8220; button_one_border_radius__hover_enabled=&#8220;off&#8220; button_two_border_radius__hover_enabled=&#8220;off&#8220; button_letter_spacing__hover_enabled=&#8220;off&#8220; button_one_letter_spacing__hover_enabled=&#8220;off&#8220; button_two_letter_spacing__hover_enabled=&#8220;off&#8220; button_bg_color__hover_enabled=&#8220;off&#8220; button_one_bg_color__hover_enabled=&#8220;off&#8220; button_two_bg_color__hover_enabled=&#8220;off&#8220;]&nbsp;<\/p>\n<p>&nbsp;<\/p>\n<p>&nbsp;<\/p>\n<p>&nbsp;<\/p>\n<blockquote>\n<p style=\"text-align: center;\">\u201cEin bunter Garten musikalischen Vergn\u00fcgens, vielf\u00e4ltig<br \/>\nund klangvoll &#8211; wie die Nocturnes von Chopin und Debussy &#8211;<br \/>\nund voller emotionaler Kontraste.\u201d<\/p>\n<\/blockquote>\n<h5 style=\"text-align: center;\">-Daniel Cariaga, Los Angeles Times-<\/h5>\n<h5 style=\"text-align: center;\">\u00dcBER &#8222;NOCTURNOS DE ANDALUC\u00cdA&#8220;<\/h5>\n<p>&nbsp;<br \/>\n[\/et_pb_slide][et_pb_slide heading=&#8220;Was andere sagen&#8220; use_bg_overlay=&#8220;on&#8220; bg_overlay_color=&#8220;rgba(28,33,38,0)&#8220; use_text_overlay=&#8220;off&#8220; _builder_version=&#8220;3.16&#8243; header_level=&#8220;h1&#8243; header_font=&#8220;||||&#8220; header_font_size_tablet=&#8220;18&#8243; header_font_size_phone=&#8220;12&#8243; header_font_size_last_edited=&#8220;on|desktop&#8220; body_font=&#8220;||||&#8220; background_color=&#8220;#ffffff&#8220; custom_css_main_element=&#8220;color: #fff !important;&#8220; button_text_size__hover_enabled=&#8220;off&#8220; button_one_text_size__hover_enabled=&#8220;off&#8220; button_two_text_size__hover_enabled=&#8220;off&#8220; button_text_color__hover_enabled=&#8220;off&#8220; button_one_text_color__hover_enabled=&#8220;off&#8220; button_two_text_color__hover_enabled=&#8220;off&#8220; button_border_width__hover_enabled=&#8220;off&#8220; button_one_border_width__hover_enabled=&#8220;off&#8220; button_two_border_width__hover_enabled=&#8220;off&#8220; button_border_color__hover_enabled=&#8220;off&#8220; button_one_border_color__hover_enabled=&#8220;off&#8220; button_two_border_color__hover_enabled=&#8220;off&#8220; button_border_radius__hover_enabled=&#8220;off&#8220; button_one_border_radius__hover_enabled=&#8220;off&#8220; button_two_border_radius__hover_enabled=&#8220;off&#8220; button_letter_spacing__hover_enabled=&#8220;off&#8220; button_one_letter_spacing__hover_enabled=&#8220;off&#8220; button_two_letter_spacing__hover_enabled=&#8220;off&#8220; button_bg_color__hover_enabled=&#8220;off&#8220; button_one_bg_color__hover_enabled=&#8220;off&#8220; button_two_bg_color__hover_enabled=&#8220;off&#8220;]&nbsp;<\/p>\n<p>&nbsp;<\/p>\n<blockquote>\n<p class=\"p1\" style=\"text-align: center;\"><span class=\"s1\">\u201cDer Enthusiasmus des Publikums \u00fcberschlug sich:<br \/>\nrauschender Applaus<\/span> und anhaltende Bravorufe bis<br \/>\nLorenzo Palomo auf die B\u00fchne kam und sich verbeugte.<span style=\"font-weight: 400;\">\u201d<\/span><\/p>\n<\/blockquote>\n<h5 style=\"text-align: center;\">&#8211; Jos\u00e9 Luis Garc\u00eda del Busto, ABC &#8211; Madrid &#8211;<\/h5>\n<h5 style=\"text-align: center;\">\u00dcber &#8222;NOCTURNOS DE ANDALUC\u00cdA&#8220;<\/h5>\n<p>&nbsp;<\/p>\n<p>&nbsp;<br \/>\n[\/et_pb_slide][et_pb_slide heading=&#8220;Was andere sagen&#8220; use_bg_overlay=&#8220;on&#8220; bg_overlay_color=&#8220;rgba(28,33,38,0)&#8220; use_text_overlay=&#8220;off&#8220; _builder_version=&#8220;3.16&#8243; header_level=&#8220;h1&#8243; header_font=&#8220;||||&#8220; header_font_size_tablet=&#8220;18&#8243; header_font_size_phone=&#8220;12&#8243; header_font_size_last_edited=&#8220;on|desktop&#8220; body_font=&#8220;||||&#8220; background_color=&#8220;#ffffff&#8220; custom_css_main_element=&#8220;color: #fff !important;&#8220; button_text_size__hover_enabled=&#8220;off&#8220; button_one_text_size__hover_enabled=&#8220;off&#8220; button_two_text_size__hover_enabled=&#8220;off&#8220; button_text_color__hover_enabled=&#8220;off&#8220; button_one_text_color__hover_enabled=&#8220;off&#8220; button_two_text_color__hover_enabled=&#8220;off&#8220; button_border_width__hover_enabled=&#8220;off&#8220; button_one_border_width__hover_enabled=&#8220;off&#8220; button_two_border_width__hover_enabled=&#8220;off&#8220; button_border_color__hover_enabled=&#8220;off&#8220; button_one_border_color__hover_enabled=&#8220;off&#8220; button_two_border_color__hover_enabled=&#8220;off&#8220; button_border_radius__hover_enabled=&#8220;off&#8220; button_one_border_radius__hover_enabled=&#8220;off&#8220; button_two_border_radius__hover_enabled=&#8220;off&#8220; button_letter_spacing__hover_enabled=&#8220;off&#8220; button_one_letter_spacing__hover_enabled=&#8220;off&#8220; button_two_letter_spacing__hover_enabled=&#8220;off&#8220; button_bg_color__hover_enabled=&#8220;off&#8220; button_one_bg_color__hover_enabled=&#8220;off&#8220; button_two_bg_color__hover_enabled=&#8220;off&#8220;]&nbsp;<\/p>\n<p>&nbsp;<\/p>\n<blockquote>\n<p style=\"text-align: center;\">\u201c<span class=\"s1\">Dieser erw\u00e4hnte Nocturno-Satz k\u00f6nnte in seiner<br \/>\nmakellosen und stimmungsvollen Sch\u00f6nheit ein<br \/>\nwahrer Orchesterhit werden.<\/span>\u201d<\/p>\n<\/blockquote>\n<h5 style=\"text-align: center;\">&#8211; Hans-Peter M\u00fcller, Die Welt &#8211; Berlin &#8211;<\/h5>\n<h5 style=\"text-align: center;\">\u00dcBER DEN SATZ &#8222;Nocturno de C\u00f3rdoba&#8220; aus &#8222;NOCTURNOS DE ANDALUC\u00cdA&#8220;<\/h5>\n<p>&nbsp;<br \/>\n[\/et_pb_slide][et_pb_slide heading=&#8220;Was andere sagen&#8220; use_bg_overlay=&#8220;on&#8220; bg_overlay_color=&#8220;rgba(28,33,38,0)&#8220; use_text_overlay=&#8220;off&#8220; _builder_version=&#8220;3.16&#8243; header_level=&#8220;h1&#8243; header_font=&#8220;||||&#8220; header_font_size_tablet=&#8220;18&#8243; header_font_size_phone=&#8220;12&#8243; header_font_size_last_edited=&#8220;on|desktop&#8220; body_font=&#8220;||||&#8220; background_color=&#8220;#ffffff&#8220; custom_css_main_element=&#8220;color: #fff !important;&#8220; button_text_size__hover_enabled=&#8220;off&#8220; button_one_text_size__hover_enabled=&#8220;off&#8220; button_two_text_size__hover_enabled=&#8220;off&#8220; button_text_color__hover_enabled=&#8220;off&#8220; button_one_text_color__hover_enabled=&#8220;off&#8220; button_two_text_color__hover_enabled=&#8220;off&#8220; button_border_width__hover_enabled=&#8220;off&#8220; button_one_border_width__hover_enabled=&#8220;off&#8220; button_two_border_width__hover_enabled=&#8220;off&#8220; button_border_color__hover_enabled=&#8220;off&#8220; button_one_border_color__hover_enabled=&#8220;off&#8220; button_two_border_color__hover_enabled=&#8220;off&#8220; button_border_radius__hover_enabled=&#8220;off&#8220; button_one_border_radius__hover_enabled=&#8220;off&#8220; button_two_border_radius__hover_enabled=&#8220;off&#8220; button_letter_spacing__hover_enabled=&#8220;off&#8220; button_one_letter_spacing__hover_enabled=&#8220;off&#8220; button_two_letter_spacing__hover_enabled=&#8220;off&#8220; button_bg_color__hover_enabled=&#8220;off&#8220; button_one_bg_color__hover_enabled=&#8220;off&#8220; button_two_bg_color__hover_enabled=&#8220;off&#8220;]&nbsp;<\/p>\n<blockquote>\n<p style=\"text-align: center;\">\u201c<span class=\"s1\">Es war eine magische Nacht. Ein Konzert, an das man sich erinnern wird.<br \/>\nAlles war wunderbar, der Chor, das Orchester. \u2026<br \/>\nDie Musik von Lorenzo Palomo ist fantastisch. \u2026<br \/>\nDULCINEA wurde mit Bravorufen und Applaus<br \/>\nvon einem bunt gemischten Publikum angenommen. &#8230;<br \/>\nDie Kantate mischt Rhythmen aus La Mancha, \u00fcppige Musik, Lyrismus \u2026&#8220;<\/span><\/p>\n<\/blockquote>\n<h5 style=\"text-align: center;\">&#8211; Enrique M\u00fcller, El Correo &#8211; Bilbao &#8211;<\/h5>\n<p>&nbsp;<br \/>\n[\/et_pb_slide][et_pb_slide heading=&#8220;Was andere sagen&#8220; use_bg_overlay=&#8220;on&#8220; bg_overlay_color=&#8220;rgba(28,33,38,0)&#8220; use_text_overlay=&#8220;off&#8220; _builder_version=&#8220;3.16&#8243; header_level=&#8220;h1&#8243; header_font=&#8220;||||&#8220; header_font_size_tablet=&#8220;18&#8243; header_font_size_phone=&#8220;12&#8243; header_font_size_last_edited=&#8220;on|desktop&#8220; body_font=&#8220;||||&#8220; background_color=&#8220;#ffffff&#8220; custom_css_main_element=&#8220;color: #fff !important;&#8220; button_text_size__hover_enabled=&#8220;off&#8220; button_one_text_size__hover_enabled=&#8220;off&#8220; button_two_text_size__hover_enabled=&#8220;off&#8220; button_text_color__hover_enabled=&#8220;off&#8220; button_one_text_color__hover_enabled=&#8220;off&#8220; button_two_text_color__hover_enabled=&#8220;off&#8220; button_border_width__hover_enabled=&#8220;off&#8220; button_one_border_width__hover_enabled=&#8220;off&#8220; button_two_border_width__hover_enabled=&#8220;off&#8220; button_border_color__hover_enabled=&#8220;off&#8220; button_one_border_color__hover_enabled=&#8220;off&#8220; button_two_border_color__hover_enabled=&#8220;off&#8220; button_border_radius__hover_enabled=&#8220;off&#8220; button_one_border_radius__hover_enabled=&#8220;off&#8220; button_two_border_radius__hover_enabled=&#8220;off&#8220; button_letter_spacing__hover_enabled=&#8220;off&#8220; button_one_letter_spacing__hover_enabled=&#8220;off&#8220; button_two_letter_spacing__hover_enabled=&#8220;off&#8220; button_bg_color__hover_enabled=&#8220;off&#8220; button_one_bg_color__hover_enabled=&#8220;off&#8220; button_two_bg_color__hover_enabled=&#8220;off&#8220;]&nbsp;<\/p>\n<blockquote>\n<p style=\"text-align: center;\">\u201c<span class=\"s1\">Palomo\u2019s DULCINEA in Berlin bejubelt.<\/span>\u201d<\/p>\n<\/blockquote>\n<h5 style=\"text-align: center;\">&#8211; Jos\u00e9 Luis Garc\u00eda del Busto, Revista Scherzo &#8211; Madrid &#8211;<\/h5>\n<p>&nbsp;<br \/>\n[\/et_pb_slide][et_pb_slide heading=&#8220;Was andere sagen&#8220; use_bg_overlay=&#8220;on&#8220; bg_overlay_color=&#8220;rgba(28,33,38,0)&#8220; use_text_overlay=&#8220;off&#8220; _builder_version=&#8220;3.16&#8243; header_level=&#8220;h1&#8243; header_font=&#8220;||||&#8220; header_font_size_tablet=&#8220;18&#8243; header_font_size_phone=&#8220;12&#8243; header_font_size_last_edited=&#8220;on|desktop&#8220; body_font=&#8220;||||&#8220; background_color=&#8220;#ffffff&#8220; custom_css_main_element=&#8220;color: #fff !important;&#8220; button_text_size__hover_enabled=&#8220;off&#8220; button_one_text_size__hover_enabled=&#8220;off&#8220; button_two_text_size__hover_enabled=&#8220;off&#8220; button_text_color__hover_enabled=&#8220;off&#8220; button_one_text_color__hover_enabled=&#8220;off&#8220; button_two_text_color__hover_enabled=&#8220;off&#8220; button_border_width__hover_enabled=&#8220;off&#8220; button_one_border_width__hover_enabled=&#8220;off&#8220; button_two_border_width__hover_enabled=&#8220;off&#8220; button_border_color__hover_enabled=&#8220;off&#8220; button_one_border_color__hover_enabled=&#8220;off&#8220; button_two_border_color__hover_enabled=&#8220;off&#8220; button_border_radius__hover_enabled=&#8220;off&#8220; button_one_border_radius__hover_enabled=&#8220;off&#8220; button_two_border_radius__hover_enabled=&#8220;off&#8220; button_letter_spacing__hover_enabled=&#8220;off&#8220; button_one_letter_spacing__hover_enabled=&#8220;off&#8220; button_two_letter_spacing__hover_enabled=&#8220;off&#8220; button_bg_color__hover_enabled=&#8220;off&#8220; button_one_bg_color__hover_enabled=&#8220;off&#8220; button_two_bg_color__hover_enabled=&#8220;off&#8220;]&nbsp;<\/p>\n<p>&nbsp;<\/p>\n<blockquote>\n<p style=\"text-align: center;\">\u201c<span class=\"s1\">Ich bin \u00fcberzeugt, dass Lorenzo Palomo\u2019s THE SNEETCHES ein<br \/>\nSt\u00fctzpfeiler des Orchesterrepertoires werden, neben Klassikern<br \/>\nwie Prokofjew\u2019s \u201cPeter und der Wolf\u201d und Britten&#8217;s<br \/>\n\u201cThe Young Persons Guide to the Orchestra\u201d.\u201d <\/span><\/p>\n<\/blockquote>\n<h5 style=\"text-align: center;\">&#8211; Martin Bookspan, AMERIKANISCHER KRITIKER UND KOMMENTATOR &#8211; New York<\/h5>\n<p>&nbsp;<br \/>\n[\/et_pb_slide][et_pb_slide heading=&#8220;Was andere sagen&#8220; use_bg_overlay=&#8220;on&#8220; bg_overlay_color=&#8220;rgba(28,33,38,0)&#8220; use_text_overlay=&#8220;off&#8220; _builder_version=&#8220;3.16&#8243; header_level=&#8220;h1&#8243; header_font=&#8220;||||&#8220; header_font_size_tablet=&#8220;18&#8243; header_font_size_phone=&#8220;12&#8243; header_font_size_last_edited=&#8220;on|desktop&#8220; body_font=&#8220;||||&#8220; background_color=&#8220;#ffffff&#8220; custom_css_main_element=&#8220;color: #fff !important;&#8220; button_text_size__hover_enabled=&#8220;off&#8220; button_one_text_size__hover_enabled=&#8220;off&#8220; button_two_text_size__hover_enabled=&#8220;off&#8220; button_text_color__hover_enabled=&#8220;off&#8220; button_one_text_color__hover_enabled=&#8220;off&#8220; button_two_text_color__hover_enabled=&#8220;off&#8220; button_border_width__hover_enabled=&#8220;off&#8220; button_one_border_width__hover_enabled=&#8220;off&#8220; button_two_border_width__hover_enabled=&#8220;off&#8220; button_border_color__hover_enabled=&#8220;off&#8220; button_one_border_color__hover_enabled=&#8220;off&#8220; button_two_border_color__hover_enabled=&#8220;off&#8220; button_border_radius__hover_enabled=&#8220;off&#8220; button_one_border_radius__hover_enabled=&#8220;off&#8220; button_two_border_radius__hover_enabled=&#8220;off&#8220; button_letter_spacing__hover_enabled=&#8220;off&#8220; button_one_letter_spacing__hover_enabled=&#8220;off&#8220; button_two_letter_spacing__hover_enabled=&#8220;off&#8220; button_bg_color__hover_enabled=&#8220;off&#8220; button_one_bg_color__hover_enabled=&#8220;off&#8220; button_two_bg_color__hover_enabled=&#8220;off&#8220;]&nbsp;<\/p>\n<blockquote>\n<p style=\"text-align: center;\">\u201c<span class=\"s1\">Ich war wirklich hingerissen von Palomo\u2019s Musik und glaube,<br \/>\ndass sie ihren Weg in das \u201eklassische Standardrepertoire\u201c finden wird,<br \/>\nda sie brillant geschrieben ist und eine zeitlose soziale Botschaft hat.<br \/>\nAber vor allem: Es ist Vergn\u00fcgen!<\/span><span class=\"s1\">\u201d<\/span><\/p>\n<\/blockquote>\n<h5 style=\"text-align: center;\">&#8211; Mike Telin, Cleveland classical &#8211; Ohio &#8211;<\/h5>\n<h5 style=\"text-align: center;\">\u00dcber &#8222;THE SNEETCHES&#8220;<\/h5>\n<p>&nbsp;<br \/>\n[\/et_pb_slide][\/et_pb_fullwidth_slider][\/et_pb_section]<\/p>\n","protected":false},"excerpt":{"rendered":"<p>[et_pb_section fb_built=&#8220;1&#8243; fullwidth=&#8220;on&#8220; module_id=&#8220;critics&#8220; module_class=&#8220;et-waypoint fadein-animated josefinKenBurnsHeader&#8220; _builder_version=&#8220;3.0.89&#8243; background_color=&#8220;rgba(0,0,0,0.3)&#8220; background_image=&#8220;http:\/\/stage.lorenzopalomo.com\/wp-content\/uploads\/2015\/11\/Lorenzo-Palomo.png&#8220; parallax=&#8220;on&#8220; parallax_method=&#8220;off&#8220; custom_padding=&#8220;0px||0px|&#8220; transparent_background=&#8220;off&#8220; padding_mobile=&#8220;on&#8220;][et_pb_fullwidth_slider show_pagination=&#8220;off&#8220; show_image_video_mobile=&#8220;on&#8220; admin_label=&#8220;What Others Say&#8220; module_id=&#8220;reviews&#8220; _builder_version=&#8220;3.20.1&#8243; header_text_color=&#8220;#fbf1e3&#8243; header_font_size=&#8220;48&#8243; header_font_size_phone=&#8220;18&#8243; header_font_size_last_edited=&#8220;on|phone&#8220; header_line_height=&#8220;1.2em&#8220; body_text_color=&#8220;#fbf1e3&#8243; background_image=&#8220;http:\/\/lorenzopalomo.com\/wp-content\/uploads\/2015\/11\/Lorenzo-Palomo.png&#8220; custom_padding=&#8220;|||&#8220; auto=&#8220;on&#8220; remove_inner_shadow=&#8220;on&#8220; hide_content_on_mobile=&#8220;off&#8220; hide_cta_on_mobile=&#8220;off&#8220; show_inner_shadow=&#8220;off&#8220; button_text_size__hover_enabled=&#8220;off&#8220; button_one_text_size__hover_enabled=&#8220;off&#8220; button_two_text_size__hover_enabled=&#8220;off&#8220; button_text_color__hover_enabled=&#8220;off&#8220; button_one_text_color__hover_enabled=&#8220;off&#8220; button_two_text_color__hover_enabled=&#8220;off&#8220; button_border_width__hover_enabled=&#8220;off&#8220; button_one_border_width__hover_enabled=&#8220;off&#8220; button_two_border_width__hover_enabled=&#8220;off&#8220; button_border_color__hover_enabled=&#8220;off&#8220; button_one_border_color__hover_enabled=&#8220;off&#8220; button_two_border_color__hover_enabled=&#8220;off&#8220; button_border_radius__hover_enabled=&#8220;off&#8220; button_one_border_radius__hover_enabled=&#8220;off&#8220; button_two_border_radius__hover_enabled=&#8220;off&#8220; button_letter_spacing__hover_enabled=&#8220;off&#8220; button_one_letter_spacing__hover_enabled=&#8220;off&#8220; button_two_letter_spacing__hover_enabled=&#8220;off&#8220; button_bg_color__hover_enabled=&#8220;off&#8220; button_one_bg_color__hover_enabled=&#8220;off&#8220; [&hellip;]<\/p>\n","protected":false},"author":1,"featured_media":0,"parent":0,"menu_order":0,"comment_status":"closed","ping_status":"closed","template":"","meta":{"_et_pb_use_builder":"on","_et_pb_old_content":""},"_links":{"self":[{"href":"http:\/\/lorenzopalomo.com\/de\/wp-json\/wp\/v2\/pages\/207130"}],"collection":[{"href":"http:\/\/lorenzopalomo.com\/de\/wp-json\/wp\/v2\/pages"}],"about":[{"href":"http:\/\/lorenzopalomo.com\/de\/wp-json\/wp\/v2\/types\/page"}],"author":[{"embeddable":true,"href":"http:\/\/lorenzopalomo.com\/de\/wp-json\/wp\/v2\/users\/1"}],"replies":[{"embeddable":true,"href":"http:\/\/lorenzopalomo.com\/de\/wp-json\/wp\/v2\/comments?post=207130"}],"version-history":[{"count":19,"href":"http:\/\/lorenzopalomo.com\/de\/wp-json\/wp\/v2\/pages\/207130\/revisions"}],"predecessor-version":[{"id":208491,"href":"http:\/\/lorenzopalomo.com\/de\/wp-json\/wp\/v2\/pages\/207130\/revisions\/208491"}],"wp:attachment":[{"href":"http:\/\/lorenzopalomo.com\/de\/wp-json\/wp\/v2\/media?parent=207130"}],"curies":[{"name":"wp","href":"https:\/\/api.w.org\/{rel}","templated":true}]}}