{"id":207088,"date":"2017-10-19T10:26:00","date_gmt":"2017-10-19T10:26:00","guid":{"rendered":"http:\/\/stage.lorenzopalomo.com\/disclaimer\/"},"modified":"2019-03-10T09:53:03","modified_gmt":"2019-03-10T09:53:03","slug":"datenschutz","status":"publish","type":"page","link":"http:\/\/lorenzopalomo.com\/de\/datenschutz\/","title":{"rendered":"datenschutz"},"content":{"rendered":"<p>[et_pb_section fb_built=&#8220;1&#8243; fullwidth=&#8220;on&#8220; custom_padding_last_edited=&#8220;on|desktop&#8220; _builder_version=&#8220;3.0.85&#8243; background_color=&#8220;#fbf1e3&#8243; custom_padding_tablet=&#8220;50px|0|50px|0&#8243; transparent_background=&#8220;off&#8220;][et_pb_fullwidth_slider show_arrows=&#8220;off&#8220; show_pagination=&#8220;off&#8220; _builder_version=&#8220;3.16&#8243; use_background_color_gradient=&#8220;on&#8220; background_color_gradient_start=&#8220;rgba(0,0,0,0.8)&#8220; background_color_gradient_end=&#8220;rgba(41,196,169,0)&#8220; box_shadow_style=&#8220;preset6&#8243; box_shadow_blur=&#8220;10px&#8220; box_shadow_color=&#8220;rgba(0,0,0,0.1)&#8220; button_text_size__hover_enabled=&#8220;off&#8220; button_one_text_size__hover_enabled=&#8220;off&#8220; button_two_text_size__hover_enabled=&#8220;off&#8220; button_text_color__hover_enabled=&#8220;off&#8220; button_one_text_color__hover_enabled=&#8220;off&#8220; button_two_text_color__hover_enabled=&#8220;off&#8220; button_border_width__hover_enabled=&#8220;off&#8220; button_one_border_width__hover_enabled=&#8220;off&#8220; button_two_border_width__hover_enabled=&#8220;off&#8220; button_border_color__hover_enabled=&#8220;off&#8220; button_one_border_color__hover_enabled=&#8220;off&#8220; button_two_border_color__hover_enabled=&#8220;off&#8220; button_border_radius__hover_enabled=&#8220;off&#8220; button_one_border_radius__hover_enabled=&#8220;off&#8220; button_two_border_radius__hover_enabled=&#8220;off&#8220; button_letter_spacing__hover_enabled=&#8220;off&#8220; button_one_letter_spacing__hover_enabled=&#8220;off&#8220; button_two_letter_spacing__hover_enabled=&#8220;off&#8220; button_bg_color__hover_enabled=&#8220;off&#8220; button_one_bg_color__hover_enabled=&#8220;off&#8220; button_two_bg_color__hover_enabled=&#8220;off&#8220;][et_pb_slide heading=&#8220;DATENSCHUTZ&#8220; use_bg_overlay=&#8220;off&#8220; use_text_overlay=&#8220;off&#8220; _builder_version=&#8220;3.16&#8243; header_level=&#8220;h1&#8243; header_font=&#8220;||||&#8220; header_text_color=&#8220;#fbf1e3&#8243; body_font=&#8220;||||&#8220; background_color=&#8220;#ffffff&#8220; background_image=&#8220;http:\/\/stage.lorenzopalomo.com\/wp-content\/uploads\/2016\/06\/Foto-Background-lorenzopalomo.gif&#8220; background_position=&#8220;top_center&#8220; button_text_size__hover_enabled=&#8220;off&#8220; button_one_text_size__hover_enabled=&#8220;off&#8220; button_two_text_size__hover_enabled=&#8220;off&#8220; button_text_color__hover_enabled=&#8220;off&#8220; button_one_text_color__hover_enabled=&#8220;off&#8220; button_two_text_color__hover_enabled=&#8220;off&#8220; button_border_width__hover_enabled=&#8220;off&#8220; button_one_border_width__hover_enabled=&#8220;off&#8220; button_two_border_width__hover_enabled=&#8220;off&#8220; button_border_color__hover_enabled=&#8220;off&#8220; button_one_border_color__hover_enabled=&#8220;off&#8220; button_two_border_color__hover_enabled=&#8220;off&#8220; button_border_radius__hover_enabled=&#8220;off&#8220; button_one_border_radius__hover_enabled=&#8220;off&#8220; button_two_border_radius__hover_enabled=&#8220;off&#8220; button_letter_spacing__hover_enabled=&#8220;off&#8220; button_one_letter_spacing__hover_enabled=&#8220;off&#8220; button_two_letter_spacing__hover_enabled=&#8220;off&#8220; button_bg_color__hover_enabled=&#8220;off&#8220; button_one_bg_color__hover_enabled=&#8220;off&#8220; button_two_bg_color__hover_enabled=&#8220;off&#8220;][\/et_pb_slide][\/et_pb_fullwidth_slider][\/et_pb_section][et_pb_section fb_built=&#8220;1&#8243; _builder_version=&#8220;3.0.85&#8243; background_color=&#8220;#fbf1e3&#8243;][et_pb_row padding_right_1=&#8220;30px&#8220; padding_left_1=&#8220;30px&#8220; _builder_version=&#8220;3.0.82&#8243; background_size=&#8220;initial&#8220; background_position=&#8220;top_left&#8220; background_repeat=&#8220;repeat&#8220; module_alignment=&#8220;center&#8220;][et_pb_column type=&#8220;4_4&#8243; _builder_version=&#8220;3.0.47&#8243;][et_pb_divider show_divider=&#8220;off&#8220; height=&#8220;40px&#8220; _builder_version=&#8220;3.2&#8243;][\/et_pb_divider][et_pb_divider show_divider=&#8220;off&#8220; height=&#8220;40px&#8220; _builder_version=&#8220;3.2&#8243;][\/et_pb_divider][et_pb_divider show_divider=&#8220;off&#8220; height=&#8220;40px&#8220; _builder_version=&#8220;3.2&#8243;][\/et_pb_divider][et_pb_text _builder_version=&#8220;3.0.89&#8243; text_font_size=&#8220;16&#8243; header_text_align=&#8220;center&#8220; text_orientation=&#8220;justified&#8220; module_alignment=&#8220;center&#8220;]<\/p>\n<h6 style=\"text-align: left;\">Der Inhalt dieser Website darf nur zum pers\u00f6nlichen und nicht kommerziellen Gebrauch heruntergeladen, ausgedruckt oder kopiert werden.<\/h6>\n<p style=\"text-align: left;\">Die auf lorenzopalomo.com enthaltenen Informationen dienen lediglich allgemeinen Informationszwecken. Diese Website wurde als Informationsdienst und f\u00fcr den pers\u00f6nlichen Gebrauch erstellt. Die Inhalte dieser Website (Texte, Soundtracks und Illustrationen) unterliegen dem Copyright der jeweiligen Eigent\u00fcmer.<\/p>\n<p style=\"text-align: left;\">Lorenzo Palomo \u00fcbernimmt keine Verantwortung f\u00fcr Fehler oder Auslassungen in den Inhalten des Dienstes.<\/p>\n<p style=\"text-align: left;\">In keinem Fall haftet Lorenzo Palomo f\u00fcr besondere, direkte, indirekte, Folgesch\u00e4den oder beil\u00e4ufig entstandene Sch\u00e4den oder Sch\u00e4den jeglicher Art, sei es in einem Vertragsverh\u00e4ltnis, Fahrl\u00e4ssigkeit oder anderen Gr\u00fcnden, die sich aus oder in Verbindung mit der Nutzung des Dienstes ergeben. der Inhalt des Dienstes. Lorenzo Palomo beh\u00e4lt sich das Recht vor, Erg\u00e4nzungen, L\u00f6schungen oder \u00c4nderungen am Inhalt dieser Website jederzeit ohne vorherige Ank\u00fcndigung vorzunehmen.<\/p>\n<p style=\"text-align: left;\">Lorenzo Palomo garantiert nicht, dass die Website frei von Viren oder anderen sch\u00e4dlichen Komponenten ist.<\/p>\n<p>[\/et_pb_text][et_pb_divider show_divider=&#8220;off&#8220; height=&#8220;40px&#8220; _builder_version=&#8220;3.2&#8243;][\/et_pb_divider][et_pb_text _builder_version=&#8220;3.0.89&#8243; text_font_size=&#8220;16&#8243; header_text_align=&#8220;center&#8220; text_orientation=&#8220;justified&#8220; module_alignment=&#8220;center&#8220; border_style=&#8220;solid&#8220;]<\/p>\n<h6>Externe Links<\/h6>\n<p>lorenzopalomo.com kann Links zu externen Websites enthalten, die nicht von Lorenzo Palomo bereitgestellt oder gepflegt werden oder in irgendeiner Weise mit Lorenzo Palomo verbunden sind.<\/p>\n<p>Bitte beachten Sie, dass das Lorenzo Palomo nicht die Genauigkeit, Relevanz, Aktualit\u00e4t oder Vollst\u00e4ndigkeit der Informationen auf diesen externen Websites garantiert.<\/p>\n<p>[\/et_pb_text][et_pb_divider show_divider=&#8220;off&#8220; height=&#8220;40px&#8220; _builder_version=&#8220;3.2&#8243;][\/et_pb_divider][et_pb_text _builder_version=&#8220;3.0.89&#8243; text_font_size=&#8220;16&#8243; header_text_align=&#8220;center&#8220; text_orientation=&#8220;justified&#8220; module_alignment=&#8220;center&#8220; border_style=&#8220;solid&#8220;]<\/p>\n<h6>DATENSCHUTZERKL\u00c4RUNG F\u00dcR DIE NUTZUNG VON GOOGLE ANALYTICS<\/h6>\n<p>Diese Website nutzt Funktionen des Webanalysedienstes Google Analytics. Anbieter ist die Google Inc. 1600 Amphitheatre Parkway Mountain View, CA 94043, USA. Google Analytics verwendet sog. \u201cCookies\u201d. Das sind Textdateien, die auf Ihrem Computer gespeichert werden und die eine Analyse der Benutzung der Website durch Sie erm\u00f6glichen. Die durch den Cookie erzeugten Informationen \u00fcber Ihre Benutzung dieser Website werden in der Regel an einen Server von Google in den USA \u00fcbertragen und dort gespeichert.<\/p>\n<p>Im Falle der Aktivierung der IP-Anonymisierung auf dieser Webseite wird Ihre IP-Adresse von Google jedoch innerhalb von Mitgliedstaaten der Europ\u00e4ischen Union oder in anderen Vertragsstaaten des Abkommens \u00fcber den Europ\u00e4ischen Wirtschaftsraum zuvor gek\u00fcrzt. Nur in Ausnahmef\u00e4llen wird die volle IP-Adresse an einen Server von Google in den USA \u00fcbertragen und dort gek\u00fcrzt. Im Auftrag des Betreibers dieser Website wird Google diese Informationen benutzen, um Ihre Nutzung der Website auszuwerten, um Reports \u00fcber die Websiteaktivit\u00e4ten zusammenzustellen und um weitere mit der Websitenutzung und der Internetnutzung verbundene Dienstleistungen gegen\u00fcber dem Websitebetreiber zu erbringen. Die im Rahmen von Google Analytics von Ihrem Browser \u00fcbermittelte IP-Adresse wird nicht mit anderen Daten von Google zusammengef\u00fchrt.<\/p>\n<p>Sie k\u00f6nnen die Speicherung der Cookies durch eine entsprechende Einstellung Ihrer Browser-Software verhindern; wir weisen Sie jedoch darauf hin, dass Sie in diesem Fall gegebenenfalls nicht s\u00e4mtliche Funktionen dieser Website vollumf\u00e4nglich werden nutzen k\u00f6nnen. Sie k\u00f6nnen dar\u00fcber hinaus die Erfassung der durch das Cookie erzeugten und auf Ihre Nutzung der Website bezogenen Daten (inkl. Ihrer IP-Adresse) an Google sowie die Verarbeitung dieser Daten durch Google verhindern, indem sie das unter dem folgenden Link verf\u00fcgbare Browser-Plugin herunterladen und installieren:<\/p>\n<p><a href=\"https:\/\/tools.google.com\/dlpage\/gaoptout?hl=de\" target=\"_blank\" rel=\"noopener noreferrer\">Plugin herunterladen<\/a><\/p>\n<p>[\/et_pb_text][et_pb_divider show_divider=&#8220;off&#8220; height=&#8220;40px&#8220; _builder_version=&#8220;3.2&#8243;][\/et_pb_divider][et_pb_text _builder_version=&#8220;3.0.89&#8243; text_font_size=&#8220;16&#8243; header_text_align=&#8220;center&#8220; text_orientation=&#8220;justified&#8220; module_alignment=&#8220;center&#8220; border_style=&#8220;solid&#8220;]<\/p>\n<h6>Cookies<\/h6>\n<p>Die Internetseiten verwenden teilweise so genannte Cookies. Cookies richten auf Ihrem Rechner keinen Schaden an und enthalten keine Viren. Cookies dienen dazu, unser Angebot nutzerfreundlicher, effektiver und sicherer zu machen. Cookies sind kleine Textdateien, die auf Ihrem Rechner abgelegt werden und die Ihr Browser speichert.<\/p>\n<p>Die meisten der von uns verwendeten Cookies sind so genannte \u201eSession-Cookies\u201c. Sie werden nach Ende Ihres Besuchs automatisch gel\u00f6scht. Andere Cookies bleiben auf Ihrem Endger\u00e4t gespeichert, bis Sie diese l\u00f6schen. Diese Cookies erm\u00f6glichen es uns, Ihren Browser beim n\u00e4chsten Besuch wiederzuerkennen.<\/p>\n<p>Sie k\u00f6nnen Ihren Browser so einstellen, dass Sie \u00fcber das Setzen von Cookies informiert werden und Cookies nur im Einzelfall erlauben, die Annahme von Cookies f\u00fcr bestimmte F\u00e4lle oder generell ausschlie\u00dfen sowie das automatische L\u00f6schen der Cookies beim Schlie\u00dfen des Browser aktivieren. Bei der Deaktivierung von Cookies kann die Funktionalit\u00e4t dieser Website eingeschr\u00e4nkt sein.<\/p>\n<p>[\/et_pb_text][et_pb_divider show_divider=&#8220;off&#8220; height=&#8220;40px&#8220; _builder_version=&#8220;3.2&#8243;][\/et_pb_divider][et_pb_divider show_divider=&#8220;off&#8220; height=&#8220;40px&#8220; _builder_version=&#8220;3.2&#8243;][\/et_pb_divider][et_pb_divider show_divider=&#8220;off&#8220; height=&#8220;40px&#8220; _builder_version=&#8220;3.2&#8243;][\/et_pb_divider][\/et_pb_column][\/et_pb_row][\/et_pb_section]<\/p>\n","protected":false},"excerpt":{"rendered":"<p>[et_pb_section fb_built=&#8220;1&#8243; fullwidth=&#8220;on&#8220; custom_padding_last_edited=&#8220;on|desktop&#8220; _builder_version=&#8220;3.0.85&#8243; background_color=&#8220;#fbf1e3&#8243; custom_padding_tablet=&#8220;50px|0|50px|0&#8243; transparent_background=&#8220;off&#8220;][et_pb_fullwidth_slider show_arrows=&#8220;off&#8220; show_pagination=&#8220;off&#8220; _builder_version=&#8220;3.16&#8243; use_background_color_gradient=&#8220;on&#8220; background_color_gradient_start=&#8220;rgba(0,0,0,0.8)&#8220; background_color_gradient_end=&#8220;rgba(41,196,169,0)&#8220; box_shadow_style=&#8220;preset6&#8243; box_shadow_blur=&#8220;10px&#8220; box_shadow_color=&#8220;rgba(0,0,0,0.1)&#8220; button_text_size__hover_enabled=&#8220;off&#8220; button_one_text_size__hover_enabled=&#8220;off&#8220; button_two_text_size__hover_enabled=&#8220;off&#8220; button_text_color__hover_enabled=&#8220;off&#8220; button_one_text_color__hover_enabled=&#8220;off&#8220; button_two_text_color__hover_enabled=&#8220;off&#8220; button_border_width__hover_enabled=&#8220;off&#8220; button_one_border_width__hover_enabled=&#8220;off&#8220; button_two_border_width__hover_enabled=&#8220;off&#8220; button_border_color__hover_enabled=&#8220;off&#8220; button_one_border_color__hover_enabled=&#8220;off&#8220; button_two_border_color__hover_enabled=&#8220;off&#8220; button_border_radius__hover_enabled=&#8220;off&#8220; button_one_border_radius__hover_enabled=&#8220;off&#8220; button_two_border_radius__hover_enabled=&#8220;off&#8220; button_letter_spacing__hover_enabled=&#8220;off&#8220; button_one_letter_spacing__hover_enabled=&#8220;off&#8220; button_two_letter_spacing__hover_enabled=&#8220;off&#8220; button_bg_color__hover_enabled=&#8220;off&#8220; button_one_bg_color__hover_enabled=&#8220;off&#8220; button_two_bg_color__hover_enabled=&#8220;off&#8220;][et_pb_slide heading=&#8220;DATENSCHUTZ&#8220; use_bg_overlay=&#8220;off&#8220; use_text_overlay=&#8220;off&#8220; _builder_version=&#8220;3.16&#8243; header_level=&#8220;h1&#8243; header_font=&#8220;||||&#8220; header_text_color=&#8220;#fbf1e3&#8243; body_font=&#8220;||||&#8220; background_color=&#8220;#ffffff&#8220; background_image=&#8220;http:\/\/stage.lorenzopalomo.com\/wp-content\/uploads\/2016\/06\/Foto-Background-lorenzopalomo.gif&#8220; background_position=&#8220;top_center&#8220; button_text_size__hover_enabled=&#8220;off&#8220; button_one_text_size__hover_enabled=&#8220;off&#8220; button_two_text_size__hover_enabled=&#8220;off&#8220; button_text_color__hover_enabled=&#8220;off&#8220; button_one_text_color__hover_enabled=&#8220;off&#8220; button_two_text_color__hover_enabled=&#8220;off&#8220; [&hellip;]<\/p>\n","protected":false},"author":1,"featured_media":0,"parent":0,"menu_order":0,"comment_status":"closed","ping_status":"closed","template":"","meta":{"_et_pb_use_builder":"on","_et_pb_old_content":""},"_links":{"self":[{"href":"http:\/\/lorenzopalomo.com\/de\/wp-json\/wp\/v2\/pages\/207088"}],"collection":[{"href":"http:\/\/lorenzopalomo.com\/de\/wp-json\/wp\/v2\/pages"}],"about":[{"href":"http:\/\/lorenzopalomo.com\/de\/wp-json\/wp\/v2\/types\/page"}],"author":[{"embeddable":true,"href":"http:\/\/lorenzopalomo.com\/de\/wp-json\/wp\/v2\/users\/1"}],"replies":[{"embeddable":true,"href":"http:\/\/lorenzopalomo.com\/de\/wp-json\/wp\/v2\/comments?post=207088"}],"version-history":[{"count":6,"href":"http:\/\/lorenzopalomo.com\/de\/wp-json\/wp\/v2\/pages\/207088\/revisions"}],"predecessor-version":[{"id":208480,"href":"http:\/\/lorenzopalomo.com\/de\/wp-json\/wp\/v2\/pages\/207088\/revisions\/208480"}],"wp:attachment":[{"href":"http:\/\/lorenzopalomo.com\/de\/wp-json\/wp\/v2\/media?parent=207088"}],"curies":[{"name":"wp","href":"https:\/\/api.w.org\/{rel}","templated":true}]}}