{"id":207081,"date":"2015-11-01T13:23:32","date_gmt":"2015-11-01T19:23:32","guid":{"rendered":"http:\/\/stage.lorenzopalomo.com\/home\/"},"modified":"2018-01-13T18:52:17","modified_gmt":"2018-01-13T18:52:17","slug":"startseite","status":"publish","type":"page","link":"http:\/\/lorenzopalomo.com\/de\/","title":{"rendered":"Startseite"},"content":{"rendered":"<p>[et_pb_section bb_built=&#8220;1&#8243; background_color=&#8220;#fbf1e3&#8243; fullwidth=&#8220;on&#8220; _builder_version=&#8220;3.0.85&#8243;][et_pb_fullwidth_header title=&#8220;Lorenzo Palomo&#8220; background_layout=&#8220;dark&#8220; header_fullscreen=&#8220;on&#8220; scroll_down_icon_color=&#8220;#ffffff&#8220; scroll_down_icon_size=&#8220;72px&#8220; button_one_url=&#8220;#biography&#8220; background_overlay_color=&#8220;rgba(0,0,0,0.3)&#8220; title_font_color=&#8220;#fbf1e3&#8243; content_font_color=&#8220;#fbf1e3&#8243; disabled_on=&#8220;off|off|off&#8220; module_id=&#8220;header&#8220; module_class=&#8220;et-waypoint fadein-animated josefinKenBurnsHeader&#8220; _builder_version=&#8220;3.0.89&#8243; title_font_size=&#8220;72px&#8220; title_font_size_tablet=&#8220;55px&#8220; title_font_size_phone=&#8220;40px&#8220; title_font_size_last_edited=&#8220;on|tablet&#8220; title_text_color=&#8220;#fbf1e3&#8243; content_font=&#8220;||on||||||&#8220; content_font_size=&#8220;20px&#8220; content_text_color=&#8220;#fbf1e3&#8243; subhead_font=&#8220;||on||||||&#8220; subhead_font_size=&#8220;24px&#8220; subhead_font_size_tablet=&#8220;18px&#8220; subhead_font_size_phone=&#8220;10px&#8220; subhead_font_size_last_edited=&#8220;on|phone&#8220; background_image=&#8220;http:\/\/stage.lorenzopalomo.com\/wp-content\/uploads\/2016\/05\/LorenzoP.jpg&#8220; parallax=&#8220;on&#8220; custom_button_two=&#8220;on&#8220; button_two_text_color=&#8220;#fbf1e3&#8243; button_two_bg_color=&#8220;#000000&#8243; button_two_border_color=&#8220;#000000&#8243; button_two_use_icon=&#8220;off&#8220; button_two_text_color_hover=&#8220;#000000&#8243; button_two_bg_color_hover=&#8220;#ffffff&#8220; button_two_border_color_hover=&#8220;#ffffff&#8220; custom_button_one=&#8220;on&#8220; button_one_text_color=&#8220;#fbf1e3&#8243; button_one_bg_color=&#8220;rgba(0,0,0,0)&#8220; button_one_border_color=&#8220;#fbf1e3&#8243; button_one_use_icon=&#8220;off&#8220; button_one_text_color_hover=&#8220;#edb059&#8243; button_one_bg_color_hover=&#8220;rgba(255,255,255,0)&#8220; button_one_border_color_hover=&#8220;rgba(255,255,255,0)&#8220; custom_css_button_1=&#8220;padding: 10px 25px 5px 30px !important;&#8220; custom_css_button_2=&#8220;padding: 10px 25px 5px 30px !important;&#8220; background_url=&#8220;http:\/\/stage.lorenzopalomo.com\/wp-content\/uploads\/2015\/11\/cityReverse.jpg&#8220; text_orientation=&#8220;left&#8220; header_scroll_down=&#8220;off&#8220; image_orientation=&#8220;center&#8220; content_orientation=&#8220;center&#8220; subhead_text_color=&#8220;#fbf1e3&#8243; button_two_icon_placement=&#8220;right&#8220; button_one_icon_placement=&#8220;right&#8220; subhead_letter_spacing=&#8220;3px&#8220; subhead_line_height=&#8220;2em&#8220; title_letter_spacing=&#8220;1px&#8220;]<\/p>\n<p>Lorenzo Palomo ist einer der zeitgen\u00f6ssischen spanischen Komponisten mit dem gr\u00f6\u00dften internationalen Ansehen.<\/p>\n<p>[\/et_pb_fullwidth_header][et_pb_fullwidth_image admin_label=&#8220;BACKGROUND MENU FADE&#8220; src=&#8220;http:\/\/josefin.madebysuperfly.com\/wp-content\/uploads\/sites\/2\/2016\/02\/glow.png&#8220; disabled_on=&#8220;on|on|off&#8220; module_id=&#8220;fade&#8220; _builder_version=&#8220;3.0.47&#8243; custom_css_main_element=&#8220;position: absolute;||top: 0;||z-index: 99;||width: 100%;||opacity: 0.3;&#8220; animation=&#8220;off&#8220; locked=&#8220;on&#8220; animation_style=&#8220;none&#8220; animation_duration=&#8220;1000ms&#8220; animation_intensity_slide=&#8220;50%&#8220; \/][\/et_pb_section]<\/p>\n","protected":false},"excerpt":{"rendered":"<p>[et_pb_section bb_built=&#8220;1&#8243; background_color=&#8220;#fbf1e3&#8243; fullwidth=&#8220;on&#8220; _builder_version=&#8220;3.0.85&#8243;][et_pb_fullwidth_header title=&#8220;Lorenzo Palomo&#8220; background_layout=&#8220;dark&#8220; header_fullscreen=&#8220;on&#8220; scroll_down_icon_color=&#8220;#ffffff&#8220; scroll_down_icon_size=&#8220;72px&#8220; button_one_url=&#8220;#biography&#8220; background_overlay_color=&#8220;rgba(0,0,0,0.3)&#8220; title_font_color=&#8220;#fbf1e3&#8243; content_font_color=&#8220;#fbf1e3&#8243; disabled_on=&#8220;off|off|off&#8220; module_id=&#8220;header&#8220; module_class=&#8220;et-waypoint fadein-animated josefinKenBurnsHeader&#8220; _builder_version=&#8220;3.0.89&#8243; title_font_size=&#8220;72px&#8220; title_font_size_tablet=&#8220;55px&#8220; title_font_size_phone=&#8220;40px&#8220; title_font_size_last_edited=&#8220;on|tablet&#8220; title_text_color=&#8220;#fbf1e3&#8243; content_font=&#8220;||on||||||&#8220; content_font_size=&#8220;20px&#8220; content_text_color=&#8220;#fbf1e3&#8243; subhead_font=&#8220;||on||||||&#8220; subhead_font_size=&#8220;24px&#8220; subhead_font_size_tablet=&#8220;18px&#8220; subhead_font_size_phone=&#8220;10px&#8220; subhead_font_size_last_edited=&#8220;on|phone&#8220; background_image=&#8220;http:\/\/stage.lorenzopalomo.com\/wp-content\/uploads\/2016\/05\/LorenzoP.jpg&#8220; parallax=&#8220;on&#8220; custom_button_two=&#8220;on&#8220; button_two_text_color=&#8220;#fbf1e3&#8243; button_two_bg_color=&#8220;#000000&#8243; button_two_border_color=&#8220;#000000&#8243; button_two_use_icon=&#8220;off&#8220; button_two_text_color_hover=&#8220;#000000&#8243; button_two_bg_color_hover=&#8220;#ffffff&#8220; button_two_border_color_hover=&#8220;#ffffff&#8220; custom_button_one=&#8220;on&#8220; button_one_text_color=&#8220;#fbf1e3&#8243; button_one_bg_color=&#8220;rgba(0,0,0,0)&#8220; button_one_border_color=&#8220;#fbf1e3&#8243; button_one_use_icon=&#8220;off&#8220; button_one_text_color_hover=&#8220;#edb059&#8243; button_one_bg_color_hover=&#8220;rgba(255,255,255,0)&#8220; button_one_border_color_hover=&#8220;rgba(255,255,255,0)&#8220; custom_css_button_1=&#8220;padding: 10px 25px [&hellip;]<\/p>\n","protected":false},"author":1,"featured_media":204475,"parent":0,"menu_order":0,"comment_status":"closed","ping_status":"closed","template":"","meta":{"_et_pb_use_builder":"on","_et_pb_old_content":""},"_links":{"self":[{"href":"http:\/\/lorenzopalomo.com\/de\/wp-json\/wp\/v2\/pages\/207081"}],"collection":[{"href":"http:\/\/lorenzopalomo.com\/de\/wp-json\/wp\/v2\/pages"}],"about":[{"href":"http:\/\/lorenzopalomo.com\/de\/wp-json\/wp\/v2\/types\/page"}],"author":[{"embeddable":true,"href":"http:\/\/lorenzopalomo.com\/de\/wp-json\/wp\/v2\/users\/1"}],"replies":[{"embeddable":true,"href":"http:\/\/lorenzopalomo.com\/de\/wp-json\/wp\/v2\/comments?post=207081"}],"version-history":[{"count":2,"href":"http:\/\/lorenzopalomo.com\/de\/wp-json\/wp\/v2\/pages\/207081\/revisions"}],"predecessor-version":[{"id":207084,"href":"http:\/\/lorenzopalomo.com\/de\/wp-json\/wp\/v2\/pages\/207081\/revisions\/207084"}],"wp:featuredmedia":[{"embeddable":true,"href":"http:\/\/lorenzopalomo.com\/de\/wp-json\/wp\/v2\/media\/204475"}],"wp:attachment":[{"href":"http:\/\/lorenzopalomo.com\/de\/wp-json\/wp\/v2\/media?parent=207081"}],"curies":[{"name":"wp","href":"https:\/\/api.w.org\/{rel}","templated":true}]}}