{"id":207073,"date":"2017-10-19T09:50:06","date_gmt":"2017-10-19T09:50:06","guid":{"rendered":"http:\/\/stage.lorenzopalomo.com\/biography\/"},"modified":"2021-04-29T17:48:07","modified_gmt":"2021-04-29T17:48:07","slug":"biografie","status":"publish","type":"page","link":"http:\/\/lorenzopalomo.com\/de\/biografie\/","title":{"rendered":"Biografie"},"content":{"rendered":"<p>[et_pb_section fb_built=&#8220;1&#8243; fullwidth=&#8220;on&#8220; custom_padding_last_edited=&#8220;on|desktop&#8220; _builder_version=&#8220;3.0.85&#8243; background_color=&#8220;#fbf1e3&#8243; custom_padding_tablet=&#8220;50px|0|50px|0&#8243; transparent_background=&#8220;off&#8220;][et_pb_fullwidth_image src=&#8220;http:\/\/josefin.madebysuperfly.com\/wp-content\/uploads\/sites\/2\/2016\/02\/glow.png&#8220; disabled_on=&#8220;on|on|on&#8220; admin_label=&#8220;Fade&#8220; module_id=&#8220;fade&#8220; _builder_version=&#8220;3.0.72&#8243; custom_css_main_element=&#8220;position: absolute;||top: 0;||z-index: 99;&#8220; animation=&#8220;off&#8220; disabled=&#8220;on&#8220;]\u00a0<br \/>\n[\/et_pb_fullwidth_image][et_pb_fullwidth_slider show_arrows=&#8220;off&#8220; show_pagination=&#8220;off&#8220; _builder_version=&#8220;3.16&#8243; use_background_color_gradient=&#8220;on&#8220; background_color_gradient_start=&#8220;rgba(0,0,0,0.8)&#8220; background_color_gradient_end=&#8220;rgba(41,196,169,0)&#8220; box_shadow_style=&#8220;preset6&#8243; box_shadow_blur=&#8220;10px&#8220; box_shadow_color=&#8220;rgba(0,0,0,0.1)&#8220; button_text_size__hover_enabled=&#8220;off&#8220; button_one_text_size__hover_enabled=&#8220;off&#8220; button_two_text_size__hover_enabled=&#8220;off&#8220; button_text_color__hover_enabled=&#8220;off&#8220; button_one_text_color__hover_enabled=&#8220;off&#8220; button_two_text_color__hover_enabled=&#8220;off&#8220; button_border_width__hover_enabled=&#8220;off&#8220; button_one_border_width__hover_enabled=&#8220;off&#8220; button_two_border_width__hover_enabled=&#8220;off&#8220; button_border_color__hover_enabled=&#8220;off&#8220; button_one_border_color__hover_enabled=&#8220;off&#8220; button_two_border_color__hover_enabled=&#8220;off&#8220; button_border_radius__hover_enabled=&#8220;off&#8220; button_one_border_radius__hover_enabled=&#8220;off&#8220; button_two_border_radius__hover_enabled=&#8220;off&#8220; button_letter_spacing__hover_enabled=&#8220;off&#8220; button_one_letter_spacing__hover_enabled=&#8220;off&#8220; button_two_letter_spacing__hover_enabled=&#8220;off&#8220; button_bg_color__hover_enabled=&#8220;off&#8220; button_one_bg_color__hover_enabled=&#8220;off&#8220; button_two_bg_color__hover_enabled=&#8220;off&#8220;][et_pb_slide heading=&#8220;Biografie&#8220; use_bg_overlay=&#8220;off&#8220; use_text_overlay=&#8220;off&#8220; _builder_version=&#8220;3.16&#8243; header_level=&#8220;h1&#8243; header_font=&#8220;||||&#8220; header_text_color=&#8220;#fbf1e3&#8243; body_font=&#8220;||||&#8220; background_color=&#8220;#ffffff&#8220; background_image=&#8220;http:\/\/stage.lorenzopalomo.com\/wp-content\/uploads\/2016\/06\/Foto-Background-lorenzopalomo.gif&#8220; background_position=&#8220;top_center&#8220; button_text_size__hover_enabled=&#8220;off&#8220; button_one_text_size__hover_enabled=&#8220;off&#8220; button_two_text_size__hover_enabled=&#8220;off&#8220; button_text_color__hover_enabled=&#8220;off&#8220; button_one_text_color__hover_enabled=&#8220;off&#8220; button_two_text_color__hover_enabled=&#8220;off&#8220; button_border_width__hover_enabled=&#8220;off&#8220; button_one_border_width__hover_enabled=&#8220;off&#8220; button_two_border_width__hover_enabled=&#8220;off&#8220; button_border_color__hover_enabled=&#8220;off&#8220; button_one_border_color__hover_enabled=&#8220;off&#8220; button_two_border_color__hover_enabled=&#8220;off&#8220; button_border_radius__hover_enabled=&#8220;off&#8220; button_one_border_radius__hover_enabled=&#8220;off&#8220; button_two_border_radius__hover_enabled=&#8220;off&#8220; button_letter_spacing__hover_enabled=&#8220;off&#8220; button_one_letter_spacing__hover_enabled=&#8220;off&#8220; button_two_letter_spacing__hover_enabled=&#8220;off&#8220; button_bg_color__hover_enabled=&#8220;off&#8220; button_one_bg_color__hover_enabled=&#8220;off&#8220; button_two_bg_color__hover_enabled=&#8220;off&#8220;][\/et_pb_slide][\/et_pb_fullwidth_slider][\/et_pb_section][et_pb_section fb_built=&#8220;1&#8243; _builder_version=&#8220;3.0.85&#8243; background_color=&#8220;#fbf1e3&#8243;][et_pb_row _builder_version=&#8220;3.0.47&#8243; background_size=&#8220;initial&#8220; background_position=&#8220;top_left&#8220; background_repeat=&#8220;repeat&#8220;][et_pb_column type=&#8220;1_4&#8243; _builder_version=&#8220;3.0.47&#8243;][et_pb_divider show_divider=&#8220;off&#8220; height=&#8220;40px&#8220; _builder_version=&#8220;3.2&#8243;]\u00a0<br \/>\n[\/et_pb_divider][et_pb_image src=&#8220;http:\/\/stage.lorenzopalomo.com\/wp-content\/uploads\/2017\/11\/PHOTO-together-with-BIOGRAPHY-1024&#215;936.jpg&#8220; show_in_lightbox=&#8220;on&#8220; _builder_version=&#8220;3.0.89&#8243;]\u00a0<br \/>\n[\/et_pb_image][et_pb_button button_url=&#8220;http:\/\/lorenzopalomo.com\/wp-content\/uploads\/2021\/04\/NUEVO-LORENZO-PALOMO-Biografie.pdf&#8220; url_new_window=&#8220;on&#8220; button_text=&#8220;Download&#8220; _builder_version=&#8220;3.20.1&#8243; custom_button=&#8220;on&#8220; button_text_color_hover=&#8220;#d63e30&#8243; button_letter_spacing_hover=&#8220;5&#8243; button_text_size__hover_enabled=&#8220;off&#8220; button_one_text_size__hover_enabled=&#8220;off&#8220; button_two_text_size__hover_enabled=&#8220;off&#8220; button_text_color__hover_enabled=&#8220;on&#8220; button_text_color__hover=&#8220;#d63e30&#8243; button_one_text_color__hover_enabled=&#8220;off&#8220; button_two_text_color__hover_enabled=&#8220;off&#8220; button_border_width__hover_enabled=&#8220;off&#8220; button_one_border_width__hover_enabled=&#8220;off&#8220; button_two_border_width__hover_enabled=&#8220;off&#8220; button_border_color__hover_enabled=&#8220;off&#8220; button_one_border_color__hover_enabled=&#8220;off&#8220; button_two_border_color__hover_enabled=&#8220;off&#8220; button_border_radius__hover_enabled=&#8220;off&#8220; button_one_border_radius__hover_enabled=&#8220;off&#8220; button_two_border_radius__hover_enabled=&#8220;off&#8220; button_letter_spacing__hover_enabled=&#8220;on&#8220; button_letter_spacing__hover=&#8220;5&#8243; button_one_letter_spacing__hover_enabled=&#8220;off&#8220; button_two_letter_spacing__hover_enabled=&#8220;off&#8220; button_bg_color__hover_enabled=&#8220;off&#8220; button_one_bg_color__hover_enabled=&#8220;off&#8220; button_two_bg_color__hover_enabled=&#8220;off&#8220;][\/et_pb_button][et_pb_button button_url=&#8220;\/de\/galerie\/&#8220; button_text=&#8220;Galerie&#8220; _builder_version=&#8220;3.16&#8243; custom_button=&#8220;on&#8220; button_text_color_hover=&#8220;#d63e30&#8243; button_letter_spacing_hover=&#8220;5&#8243; button_text_size__hover_enabled=&#8220;off&#8220; button_one_text_size__hover_enabled=&#8220;off&#8220; button_two_text_size__hover_enabled=&#8220;off&#8220; button_text_color__hover_enabled=&#8220;on&#8220; button_text_color__hover=&#8220;#d63e30&#8243; button_one_text_color__hover_enabled=&#8220;off&#8220; button_two_text_color__hover_enabled=&#8220;off&#8220; button_border_width__hover_enabled=&#8220;off&#8220; button_one_border_width__hover_enabled=&#8220;off&#8220; button_two_border_width__hover_enabled=&#8220;off&#8220; button_border_color__hover_enabled=&#8220;off&#8220; button_one_border_color__hover_enabled=&#8220;off&#8220; button_two_border_color__hover_enabled=&#8220;off&#8220; button_border_radius__hover_enabled=&#8220;off&#8220; button_one_border_radius__hover_enabled=&#8220;off&#8220; button_two_border_radius__hover_enabled=&#8220;off&#8220; button_letter_spacing__hover_enabled=&#8220;on&#8220; button_letter_spacing__hover=&#8220;5&#8243; button_one_letter_spacing__hover_enabled=&#8220;off&#8220; button_two_letter_spacing__hover_enabled=&#8220;off&#8220; button_bg_color__hover_enabled=&#8220;off&#8220; button_one_bg_color__hover_enabled=&#8220;off&#8220; button_two_bg_color__hover_enabled=&#8220;off&#8220;][\/et_pb_button][\/et_pb_column][et_pb_column type=&#8220;3_4&#8243; _builder_version=&#8220;3.0.47&#8243;][et_pb_divider show_divider=&#8220;off&#8220; height=&#8220;40px&#8220; _builder_version=&#8220;3.2&#8243;]\u00a0<br \/>\n[\/et_pb_divider][et_pb_text _builder_version=&#8220;3.20.1&#8243; header_text_align=&#8220;left&#8220; module_alignment=&#8220;center&#8220;]<\/p>\n<blockquote>\n<p><span style=\"color: #d63e30;\">Lorenzo Palomo ist einer der zeitgen\u00f6ssischen spanischen Komponisten mit dem gr\u00f6\u00dften internationalen Ansehen. Seine Kompositionen haben ihm bedeutende Erfolge in Spanien sowie weltweit beschert.<\/span><\/p>\n<\/blockquote>\n<p>Er wurde 1938 in Ciudad Real, La Mancha (Spanien), geboren. Kurz nach seiner Geburt zog die Familie nach Pozoblanco, in die Region von C\u00f3rdoba, und einige Jahre sp\u00e4ter verlagerte sie ihren Lebensmittelpunkt direkt nach C\u00f3rdoba, wo der Komponist seine Jugendjahre verbrachte.<\/p>\n<p>Er studierte Klavier und Harmonie am Conservatorio von C\u00f3rdoba und mit 20 Jahren immatrikulierte er am Conservatorio Superior de M\u00fasica von Barcelona, wo er Komposition bei Joaqu\u00edn Zamacois und Klavier mit Sof\u00eda Puche de Mendlewicz studierte. Sp\u00e4ter setzte er auf der Basis eines Stipendiums der Juan-March-Stiftung seine Studien im Bereich Orchesterdirigieren bei Boris Goldovsky in New York fort.<\/p>\n<p>1973 wurde er zum Chefdirigenten des Orquesta Sinf\u00f3nica von Valencia benannt, ein Amt, das er mit der Position des Ersten Gastdirigenten des Manila Symphony Orchestras (Philippinen) kombinierte. In dieser Epoche dirigierte er sowohl Konzerte wie auch Opernauff\u00fchrungen. Im Jahr 1976 war er eingeladen, das Gedenkkonzert zur Hundertjahrfeier von Manuel de Falla mit dem Orchestre de la Suisse Romande in Genf zu dirigieren.<\/p>\n<p>Seine Musik wurde in den renommiertesten Konzerts\u00e4len weltweit interpretiert, darunter die Carnegie Hall (New York), Symphony Hall (Boston), Verizon Hall (Kimmel Center, Philadelphia), Covent Garden (London), Suntory Hall (Tokyo), Auditorium Tschaikowsky (Moskau), Berliner Philharmonie, Konzerthaus Berlin, Victoria Hall (Genf), Auditorio Nacional (Madrid), L\u2019Auditori (Barcelona), Palau de la M\u00fasica (Valencia), Teatro de la Maestranza (Sevilla), Palacio Euskalduna (Bilbao), Auditorio Manuel de Falla (Granada) und viele mehr.<\/p>\n<p>Seine Kompositionen wurden von vielen der wichtigsten Orchester in der ganzen Welt gespielt, darunter die Symphony Orchestras von Boston, Philadelphia, Pittsburgh und Cincinnati, das London Symphony Orchestra, das Rundfunk-Sinfonieorchester Berlin, das Orchester der Deutschen Oper Berlin, die Dresdner Philharmonie, die Symphoniker Hamburg, das Philharmonische Staatsorchester Hamburg, das Yomiuri Nippon Symphony Orchestra von Tokyo, das Orchestre de la Suisse Romande in Genf, das Bergen Filharmoniske Orkester und die Oslo-Filharmonien, das Sinfonieorchester \u201cNeues Russland\u201c von Moskau, das Orquesta Nacional de Espa\u00f1a und die Sinfonieorchester von Madrid, Barcelona, Valencia, Bilbao, Euskadi, Sevilla, Castilla y Le\u00f3n etc.<\/p>\n<p>Seine Majest\u00e4t K\u00f6nig Juan Carlos I. verlieh Lorenzo Palomo die \u201cEncomienda de N\u00famero de la Orden de Isabel la Cat\u00f3lica\u201d f\u00fcr seine Verdienste, mit seiner Musik den Namen Spaniens in der ganzen Welt verbreitet zu haben.<\/p>\n<p>Nach 38 Jahren in Berlin, wo er von 1981 bis 2004 Mitglied des Ensembles der Deutschen Oper Berlin war, lebt Lorenzo Palomo jetzt seit 2019 in Madrid.<\/p>\n<p>Das Musik-Label NAXOS hat sechs CDs mit folgenden Werken von Lorenzo Palomo auf den Markt gebracht: \u201cNocturnos de Andaluc\u00eda\u201d, \u201cCanciones espa\u00f1olas\u201d, \u201cCantos del alma\u201d, \u201cSinfon\u00eda a Granada\u201d, \u201cMi jard\u00edn solitario\u201d, \u201cMadrigal y Cinco canciones sefard\u00edes\u201d, \u201cConcierto de Cienfuegos\u201d, \u201cDulcinea\u201d, \u201cSinfon\u00eda C\u00f3rdoba\u201d, \u201cFulgores\u201d, \u201cArabescos\u201d, \u201cCaribiana\u201d und \u201cHumoresca\u201d.<\/p>\n<p>Dar\u00fcber hinaus verteilt dieses Label ebenfalls weltweit die CD mit Lorenzo Palomo\u2019s Sinfonischem M\u00e4rchen f\u00fcr Erz\u00e4hler und Orchester \u201cDr. Seuss\u2019 The Sneetches\u201d.<\/p>\n<p>[\/et_pb_text][et_pb_divider show_divider=&#8220;off&#8220; height=&#8220;40px&#8220; _builder_version=&#8220;3.2&#8243;]\u00a0<br \/>\n[\/et_pb_divider][\/et_pb_column][\/et_pb_row][\/et_pb_section]<\/p>\n","protected":false},"excerpt":{"rendered":"<p>[et_pb_section fb_built=&#8220;1&#8243; fullwidth=&#8220;on&#8220; custom_padding_last_edited=&#8220;on|desktop&#8220; _builder_version=&#8220;3.0.85&#8243; background_color=&#8220;#fbf1e3&#8243; custom_padding_tablet=&#8220;50px|0|50px|0&#8243; transparent_background=&#8220;off&#8220;][et_pb_fullwidth_image src=&#8220;http:\/\/josefin.madebysuperfly.com\/wp-content\/uploads\/sites\/2\/2016\/02\/glow.png&#8220; disabled_on=&#8220;on|on|on&#8220; admin_label=&#8220;Fade&#8220; module_id=&#8220;fade&#8220; _builder_version=&#8220;3.0.72&#8243; custom_css_main_element=&#8220;position: absolute;||top: 0;||z-index: 99;&#8220; animation=&#8220;off&#8220; disabled=&#8220;on&#8220;]\u00a0 [\/et_pb_fullwidth_image][et_pb_fullwidth_slider show_arrows=&#8220;off&#8220; show_pagination=&#8220;off&#8220; _builder_version=&#8220;3.16&#8243; use_background_color_gradient=&#8220;on&#8220; background_color_gradient_start=&#8220;rgba(0,0,0,0.8)&#8220; background_color_gradient_end=&#8220;rgba(41,196,169,0)&#8220; box_shadow_style=&#8220;preset6&#8243; box_shadow_blur=&#8220;10px&#8220; box_shadow_color=&#8220;rgba(0,0,0,0.1)&#8220; button_text_size__hover_enabled=&#8220;off&#8220; button_one_text_size__hover_enabled=&#8220;off&#8220; button_two_text_size__hover_enabled=&#8220;off&#8220; button_text_color__hover_enabled=&#8220;off&#8220; button_one_text_color__hover_enabled=&#8220;off&#8220; button_two_text_color__hover_enabled=&#8220;off&#8220; button_border_width__hover_enabled=&#8220;off&#8220; button_one_border_width__hover_enabled=&#8220;off&#8220; button_two_border_width__hover_enabled=&#8220;off&#8220; button_border_color__hover_enabled=&#8220;off&#8220; button_one_border_color__hover_enabled=&#8220;off&#8220; button_two_border_color__hover_enabled=&#8220;off&#8220; button_border_radius__hover_enabled=&#8220;off&#8220; button_one_border_radius__hover_enabled=&#8220;off&#8220; button_two_border_radius__hover_enabled=&#8220;off&#8220; button_letter_spacing__hover_enabled=&#8220;off&#8220; button_one_letter_spacing__hover_enabled=&#8220;off&#8220; button_two_letter_spacing__hover_enabled=&#8220;off&#8220; button_bg_color__hover_enabled=&#8220;off&#8220; button_one_bg_color__hover_enabled=&#8220;off&#8220; button_two_bg_color__hover_enabled=&#8220;off&#8220;][et_pb_slide heading=&#8220;Biografie&#8220; use_bg_overlay=&#8220;off&#8220; use_text_overlay=&#8220;off&#8220; _builder_version=&#8220;3.16&#8243; header_level=&#8220;h1&#8243; [&hellip;]<\/p>\n","protected":false},"author":1,"featured_media":0,"parent":0,"menu_order":0,"comment_status":"closed","ping_status":"closed","template":"","meta":{"_et_pb_use_builder":"on","_et_pb_old_content":""},"_links":{"self":[{"href":"http:\/\/lorenzopalomo.com\/de\/wp-json\/wp\/v2\/pages\/207073"}],"collection":[{"href":"http:\/\/lorenzopalomo.com\/de\/wp-json\/wp\/v2\/pages"}],"about":[{"href":"http:\/\/lorenzopalomo.com\/de\/wp-json\/wp\/v2\/types\/page"}],"author":[{"embeddable":true,"href":"http:\/\/lorenzopalomo.com\/de\/wp-json\/wp\/v2\/users\/1"}],"replies":[{"embeddable":true,"href":"http:\/\/lorenzopalomo.com\/de\/wp-json\/wp\/v2\/comments?post=207073"}],"version-history":[{"count":6,"href":"http:\/\/lorenzopalomo.com\/de\/wp-json\/wp\/v2\/pages\/207073\/revisions"}],"predecessor-version":[{"id":208758,"href":"http:\/\/lorenzopalomo.com\/de\/wp-json\/wp\/v2\/pages\/207073\/revisions\/208758"}],"wp:attachment":[{"href":"http:\/\/lorenzopalomo.com\/de\/wp-json\/wp\/v2\/media?parent=207073"}],"curies":[{"name":"wp","href":"https:\/\/api.w.org\/{rel}","templated":true}]}}